{"id":13,"date":"2024-05-14T02:37:57","date_gmt":"2024-05-14T02:37:57","guid":{"rendered":"https:\/\/cycleturkey.bike\/de\/?page_id=13"},"modified":"2024-05-28T01:01:35","modified_gmt":"2024-05-28T01:01:35","slug":"uber-uns","status":"publish","type":"page","link":"https:\/\/cycleturkey.bike\/de\/uber-uns\/","title":{"rendered":"\u00dcber uns"},"content":{"rendered":"\t\t<div data-elementor-type=\"wp-page\" data-elementor-id=\"13\" class=\"elementor elementor-13\" data-elementor-post-type=\"page\">\n\t\t\t\t\t\t<section class=\"elementor-section elementor-top-section elementor-element elementor-element-f08fd9b elementor-section-stretched elementor-section-boxed elementor-section-height-default elementor-section-height-default\" data-id=\"f08fd9b\" data-element_type=\"section\" data-settings=\"{&quot;stretch_section&quot;:&quot;section-stretched&quot;}\">\n\t\t\t\t\t\t<div class=\"elementor-container elementor-column-gap-default\">\n\t\t\t\t\t<div class=\"elementor-column elementor-col-50 elementor-top-column elementor-element elementor-element-3172432\" data-id=\"3172432\" data-element_type=\"column\">\n\t\t\t<div class=\"elementor-widget-wrap elementor-element-populated\">\n\t\t\t\t\t\t<div class=\"elementor-element elementor-element-e8f8445 elementor-widget elementor-widget-heading\" data-id=\"e8f8445\" data-element_type=\"widget\" data-widget_type=\"heading.default\">\n\t\t\t\t<div class=\"elementor-widget-container\">\n\t\t\t\t\t<h2 class=\"elementor-heading-title elementor-size-default\">Cycle<b style=\"color:#017fc1\"> Turkey<\/b><\/h2>\t\t\t\t<\/div>\n\t\t\t\t<\/div>\n\t\t\t\t<div class=\"elementor-element elementor-element-b67474d elementor-widget elementor-widget-text-editor\" data-id=\"b67474d\" data-element_type=\"widget\" data-widget_type=\"text-editor.default\">\n\t\t\t\t<div class=\"elementor-widget-container\">\n\t\t\t\t\t\t\t\t\t<p>Organisiert gef\u00fchrte und selbstgef\u00fchrte, ein- und mehrt\u00e4gige Fahrradtouren entlang der \u00c4g\u00e4isk\u00fcste. Ob mit dem Hybridrad, E-Bike, Rennrad oder Mountainbike, wir haben f\u00fcr jeden das passende Fahrradprogramm.<\/p><p>Wir m\u00f6chten unsere Leidenschaft f\u00fcr die Natur mit Ihnen teilen und Sie zu den sch\u00f6nsten Pl\u00e4tzen der T\u00fcrkei f\u00fchren. Dabei legen wir Wert auf ein langsames Tempo und einen umweltfreundlichen Ansatz, um die Natur zu genie\u00dfen.<\/p><p>Da wir selbst leidenschaftlich gerne in der Natur aktiv sind, haben wir uns entschlossen, Aktivurlaubsprogramme mit Schwerpunkt auf Fitness in der Natur zu entwickeln. Es ist uns wichtig, dass unsere G\u00e4ste die Balance zwischen touristischen Attraktionen und der wahren Sch\u00f6nheit der T\u00fcrkei erleben und dabei fit und aktiv bleiben. Bei unseren Touren geht es ebenso um nachhaltigen Tourismus wie um die Erhaltung der k\u00f6rperlichen und geistigen Gesundheit unserer G\u00e4ste.<\/p><p>Die Zentrale von Cycle Turkey befindet sich im Dorf \u00c7aml\u0131k auf der Halbinsel Bodrum im S\u00fcdwesten der T\u00fcrkei. Ca. 15 km vom Stadtzentrum von Bodrum entfernt. Wir bieten eine dynamische Flotte von Leihfahrr\u00e4dern sowie einen professionellen mechanischen Service f\u00fcr private Fahrr\u00e4der.<\/p>\t\t\t\t\t\t\t\t<\/div>\n\t\t\t\t<\/div>\n\t\t\t\t\t<\/div>\n\t\t<\/div>\n\t\t\t\t<div class=\"elementor-column elementor-col-50 elementor-top-column elementor-element elementor-element-9a0b498\" data-id=\"9a0b498\" data-element_type=\"column\">\n\t\t\t<div class=\"elementor-widget-wrap elementor-element-populated\">\n\t\t\t\t\t\t<div class=\"elementor-element elementor-element-72c398b elementor-widget elementor-widget-image\" data-id=\"72c398b\" data-element_type=\"widget\" data-widget_type=\"image.default\">\n\t\t\t\t<div class=\"elementor-widget-container\">\n\t\t\t\t\t\t\t\t\t\t\t\t\t\t\t<img fetchpriority=\"high\" decoding=\"async\" width=\"1024\" height=\"744\" src=\"https:\/\/cycleturkey.bike\/de\/wp-content\/uploads\/sites\/4\/2024\/05\/WhatsApp-Image-2022-08-06-at-21.01.47-1024x744-1.jpeg\" class=\"attachment-full size-full wp-image-206\" alt=\"\" srcset=\"https:\/\/cycleturkey.bike\/de\/wp-content\/uploads\/sites\/4\/2024\/05\/WhatsApp-Image-2022-08-06-at-21.01.47-1024x744-1.jpeg 1024w, https:\/\/cycleturkey.bike\/de\/wp-content\/uploads\/sites\/4\/2024\/05\/WhatsApp-Image-2022-08-06-at-21.01.47-1024x744-1-600x436.jpeg 600w, https:\/\/cycleturkey.bike\/de\/wp-content\/uploads\/sites\/4\/2024\/05\/WhatsApp-Image-2022-08-06-at-21.01.47-1024x744-1-300x218.jpeg 300w, https:\/\/cycleturkey.bike\/de\/wp-content\/uploads\/sites\/4\/2024\/05\/WhatsApp-Image-2022-08-06-at-21.01.47-1024x744-1-768x558.jpeg 768w\" sizes=\"(max-width: 1024px) 100vw, 1024px\" \/>\t\t\t\t\t\t\t\t\t\t\t\t\t\t\t<\/div>\n\t\t\t\t<\/div>\n\t\t\t\t\t<\/div>\n\t\t<\/div>\n\t\t\t\t\t<\/div>\n\t\t<\/section>\n\t\t\t\t<section class=\"elementor-section elementor-top-section elementor-element elementor-element-06115bf elementor-section-boxed elementor-section-height-default elementor-section-height-default\" data-id=\"06115bf\" data-element_type=\"section\">\n\t\t\t\t\t\t<div class=\"elementor-container elementor-column-gap-default\">\n\t\t\t\t\t<div class=\"elementor-column elementor-col-100 elementor-top-column elementor-element elementor-element-f65354e\" data-id=\"f65354e\" data-element_type=\"column\" data-settings=\"{&quot;background_background&quot;:&quot;classic&quot;}\">\n\t\t\t<div class=\"elementor-widget-wrap elementor-element-populated\">\n\t\t\t\t\t\t<div class=\"elementor-element elementor-element-a81468b elementor-widget elementor-widget-heading\" data-id=\"a81468b\" data-element_type=\"widget\" data-widget_type=\"heading.default\">\n\t\t\t\t<div class=\"elementor-widget-container\">\n\t\t\t\t\t<h2 class=\"elementor-heading-title elementor-size-default\">Wir <b style=\"color:#017fc1\">laden Sie ein<\/b>, unserem Club und unserer Gemeinschaft noch heute beizutreten.\n\n<\/h2>\t\t\t\t<\/div>\n\t\t\t\t<\/div>\n\t\t\t\t<div class=\"elementor-element elementor-element-d34f911 elementor-widget elementor-widget-text-editor\" data-id=\"d34f911\" data-element_type=\"widget\" data-widget_type=\"text-editor.default\">\n\t\t\t\t<div class=\"elementor-widget-container\">\n\t\t\t\t\t\t\t\t\t<p>Mit dem Ziel, das Leben durch Radfahren zu verbessern, vermitteln wir die Freuden des Radfahrens, setzen uns f\u00fcr sichere Orte zum Radfahren ein und organisieren Fahrten und Veranstaltungen von Weltklasse.<\/p>\t\t\t\t\t\t\t\t<\/div>\n\t\t\t\t<\/div>\n\t\t\t\t<div class=\"elementor-element elementor-element-c911e3b elementor-widget elementor-widget-button\" data-id=\"c911e3b\" data-element_type=\"widget\" data-widget_type=\"button.default\">\n\t\t\t\t<div class=\"elementor-widget-container\">\n\t\t\t\t\t\t\t\t\t<div class=\"elementor-button-wrapper\">\n\t\t\t\t\t<a class=\"elementor-button elementor-button-link elementor-size-sm\" href=\"\/contact\">\n\t\t\t\t\t\t<span class=\"elementor-button-content-wrapper\">\n\t\t\t\t\t\t\t\t\t<span class=\"elementor-button-text\">HEUTE ANMELDEN<\/span>\n\t\t\t\t\t<\/span>\n\t\t\t\t\t<\/a>\n\t\t\t\t<\/div>\n\t\t\t\t\t\t\t\t<\/div>\n\t\t\t\t<\/div>\n\t\t\t\t\t<\/div>\n\t\t<\/div>\n\t\t\t\t\t<\/div>\n\t\t<\/section>\n\t\t\t\t<\/div>\n\t\t","protected":false},"excerpt":{"rendered":"<p>Cycle Turkey Organisiert gef\u00fchrte und selbstgef\u00fchrte, ein- und mehrt\u00e4gige Fahrradtouren entlang der \u00c4g\u00e4isk\u00fcste. Ob mit dem Hybridrad, E-Bike, Rennrad oder Mountainbike, wir haben f\u00fcr jeden das passende Fahrradprogramm. Wir m\u00f6chten unsere Leidenschaft f\u00fcr die Natur mit Ihnen teilen und Sie zu den sch\u00f6nsten Pl\u00e4tzen der T\u00fcrkei f\u00fchren. Dabei legen wir Wert auf ein langsames Tempo [&hellip;]<\/p>\n","protected":false},"author":1,"featured_media":0,"parent":0,"menu_order":0,"comment_status":"closed","ping_status":"closed","template":"elementor_header_footer","meta":{"footnotes":""},"class_list":["post-13","page","type-page","status-publish","hentry"],"_links":{"self":[{"href":"https:\/\/cycleturkey.bike\/de\/wp-json\/wp\/v2\/pages\/13","targetHints":{"allow":["GET"]}}],"collection":[{"href":"https:\/\/cycleturkey.bike\/de\/wp-json\/wp\/v2\/pages"}],"about":[{"href":"https:\/\/cycleturkey.bike\/de\/wp-json\/wp\/v2\/types\/page"}],"author":[{"embeddable":true,"href":"https:\/\/cycleturkey.bike\/de\/wp-json\/wp\/v2\/users\/1"}],"replies":[{"embeddable":true,"href":"https:\/\/cycleturkey.bike\/de\/wp-json\/wp\/v2\/comments?post=13"}],"version-history":[{"count":14,"href":"https:\/\/cycleturkey.bike\/de\/wp-json\/wp\/v2\/pages\/13\/revisions"}],"predecessor-version":[{"id":666,"href":"https:\/\/cycleturkey.bike\/de\/wp-json\/wp\/v2\/pages\/13\/revisions\/666"}],"wp:attachment":[{"href":"https:\/\/cycleturkey.bike\/de\/wp-json\/wp\/v2\/media?parent=13"}],"curies":[{"name":"wp","href":"https:\/\/api.w.org\/{rel}","templated":true}]}}