{"id":17,"date":"2024-05-14T02:38:12","date_gmt":"2024-05-14T02:38:12","guid":{"rendered":"https:\/\/cycleturkey.bike\/de\/?page_id=17"},"modified":"2024-05-14T06:04:08","modified_gmt":"2024-05-14T06:04:08","slug":"blog","status":"publish","type":"page","link":"https:\/\/cycleturkey.bike\/de\/blog\/","title":{"rendered":"Blog"},"content":{"rendered":"\t\t<div data-elementor-type=\"wp-page\" data-elementor-id=\"17\" class=\"elementor elementor-17\" data-elementor-post-type=\"page\">\n\t\t\t\t\t\t<section class=\"elementor-section elementor-top-section elementor-element elementor-element-ece1ec4 elementor-section-boxed elementor-section-height-default elementor-section-height-default\" data-id=\"ece1ec4\" data-element_type=\"section\">\n\t\t\t\t\t\t<div class=\"elementor-container elementor-column-gap-default\">\n\t\t\t\t\t<div class=\"elementor-column elementor-col-100 elementor-top-column elementor-element elementor-element-c9ada6b\" data-id=\"c9ada6b\" data-element_type=\"column\">\n\t\t\t<div class=\"elementor-widget-wrap elementor-element-populated\">\n\t\t\t\t\t\t<div class=\"elementor-element elementor-element-726968a elementor-widget elementor-widget-heading\" data-id=\"726968a\" data-element_type=\"widget\" data-widget_type=\"heading.default\">\n\t\t\t\t<div class=\"elementor-widget-container\">\n\t\t\t\t\t<h2 class=\"elementor-heading-title elementor-size-default\">News &amp; <b style=\"color:#017fc1\">Update<\/b>.<\/h2>\t\t\t\t<\/div>\n\t\t\t\t<\/div>\n\t\t\t\t<div class=\"elementor-element elementor-element-1812b54 elementor-widget elementor-widget-text-editor\" data-id=\"1812b54\" data-element_type=\"widget\" data-widget_type=\"text-editor.default\">\n\t\t\t\t<div class=\"elementor-widget-container\">\n\t\t\t\t\t\t\t\t\tEvery Pedal is an Adventure: Explore the Most Beautiful Routes with Us!\t\t\t\t\t\t\t\t<\/div>\n\t\t\t\t<\/div>\n\t\t\t\t\t<\/div>\n\t\t<\/div>\n\t\t\t\t\t<\/div>\n\t\t<\/section>\n\t\t\t\t<section class=\"elementor-section elementor-top-section elementor-element elementor-element-20410a3 elementor-section-boxed elementor-section-height-default elementor-section-height-default\" data-id=\"20410a3\" data-element_type=\"section\">\n\t\t\t\t\t\t<div class=\"elementor-container elementor-column-gap-default\">\n\t\t\t\t\t<div class=\"elementor-column elementor-col-100 elementor-top-column elementor-element elementor-element-a27fdd4\" data-id=\"a27fdd4\" data-element_type=\"column\">\n\t\t\t<div class=\"elementor-widget-wrap elementor-element-populated\">\n\t\t\t\t\t\t<div class=\"elementor-element elementor-element-0321490 elementor-grid-3 elementor-grid-tablet-2 elementor-grid-mobile-1 elementor-posts--thumbnail-top elementor-posts__hover-gradient elementor-widget elementor-widget-posts\" data-id=\"0321490\" data-element_type=\"widget\" data-settings=\"{&quot;pagination_type&quot;:&quot;load_more_infinite_scroll&quot;,&quot;cards_columns&quot;:&quot;3&quot;,&quot;cards_columns_tablet&quot;:&quot;2&quot;,&quot;cards_columns_mobile&quot;:&quot;1&quot;,&quot;cards_row_gap&quot;:{&quot;unit&quot;:&quot;px&quot;,&quot;size&quot;:35,&quot;sizes&quot;:[]},&quot;cards_row_gap_tablet&quot;:{&quot;unit&quot;:&quot;px&quot;,&quot;size&quot;:&quot;&quot;,&quot;sizes&quot;:[]},&quot;cards_row_gap_mobile&quot;:{&quot;unit&quot;:&quot;px&quot;,&quot;size&quot;:&quot;&quot;,&quot;sizes&quot;:[]},&quot;load_more_spinner&quot;:{&quot;value&quot;:&quot;fas fa-spinner&quot;,&quot;library&quot;:&quot;fa-solid&quot;}}\" data-widget_type=\"posts.cards\">\n\t\t\t\t<div class=\"elementor-widget-container\">\n\t\t\t\t\t\t\t<div class=\"elementor-posts-container elementor-posts elementor-posts--skin-cards elementor-grid\" role=\"list\">\n\t\t\t\t<article class=\"elementor-post elementor-grid-item post-868 post type-post status-publish format-standard has-post-thumbnail hentry category-blog\" role=\"listitem\">\n\t\t\t<div class=\"elementor-post__card\">\n\t\t\t\t<a class=\"elementor-post__thumbnail__link\" href=\"https:\/\/cycleturkey.bike\/de\/blog\/die-geheimnisse-von-bodrum-entdecken-beginnen-sie-ihr-personliches-radsportabenteuer\/\" tabindex=\"-1\" ><div class=\"elementor-post__thumbnail\"><img fetchpriority=\"high\" decoding=\"async\" width=\"800\" height=\"599\" src=\"https:\/\/cycleturkey.bike\/de\/wp-content\/uploads\/sites\/4\/2024\/07\/aerial-view-of-bodrum-on-turkish-riviera-view-on-2023-11-27-05-20-01-utc.jpg\" class=\"attachment-large size-large wp-image-869\" alt=\"\" srcset=\"https:\/\/cycleturkey.bike\/de\/wp-content\/uploads\/sites\/4\/2024\/07\/aerial-view-of-bodrum-on-turkish-riviera-view-on-2023-11-27-05-20-01-utc.jpg 1024w, https:\/\/cycleturkey.bike\/de\/wp-content\/uploads\/sites\/4\/2024\/07\/aerial-view-of-bodrum-on-turkish-riviera-view-on-2023-11-27-05-20-01-utc-300x225.jpg 300w, https:\/\/cycleturkey.bike\/de\/wp-content\/uploads\/sites\/4\/2024\/07\/aerial-view-of-bodrum-on-turkish-riviera-view-on-2023-11-27-05-20-01-utc-768x575.jpg 768w, https:\/\/cycleturkey.bike\/de\/wp-content\/uploads\/sites\/4\/2024\/07\/aerial-view-of-bodrum-on-turkish-riviera-view-on-2023-11-27-05-20-01-utc-600x449.jpg 600w\" sizes=\"(max-width: 800px) 100vw, 800px\" \/><\/div><\/a>\n\t\t\t\t<div class=\"elementor-post__badge\">Blog<\/div>\n\t\t\t\t<div class=\"elementor-post__text\">\n\t\t\t\t<h3 class=\"elementor-post__title\">\n\t\t\t<a href=\"https:\/\/cycleturkey.bike\/de\/blog\/die-geheimnisse-von-bodrum-entdecken-beginnen-sie-ihr-personliches-radsportabenteuer\/\" >\n\t\t\t\tDie Geheimnisse von Bodrum Entdecken: Beginnen Sie Ihr Pers\u00f6nliches Radsportabenteuer\t\t\t<\/a>\n\t\t<\/h3>\n\t\t\t\t<div class=\"elementor-post__excerpt\">\n\t\t\t<p>Als f\u00fchrendes Radsportunternehmen in Bodrum ist Cycle Turkey stolz darauf, unseren G\u00e4sten das ultimative Erlebnis im personalisierten Radsport anzubieten. Ob Sie ein erfahrener Fahrer oder<\/p>\n\t\t<\/div>\n\t\t\n\t\t<a class=\"elementor-post__read-more\" href=\"https:\/\/cycleturkey.bike\/de\/blog\/die-geheimnisse-von-bodrum-entdecken-beginnen-sie-ihr-personliches-radsportabenteuer\/\" aria-label=\"Read more about Die Geheimnisse von Bodrum Entdecken: Beginnen Sie Ihr Pers\u00f6nliches Radsportabenteuer\" tabindex=\"-1\" >\n\t\t\tRead More \u00bb\t\t<\/a>\n\n\t\t\t\t<\/div>\n\t\t\t\t<div class=\"elementor-post__meta-data\">\n\t\t\t\t\t<span class=\"elementor-post-date\">\n\t\t\tJuly 31, 2024\t\t<\/span>\n\t\t\t\t<\/div>\n\t\t\t\t\t<\/div>\n\t\t<\/article>\n\t\t\t\t<article class=\"elementor-post elementor-grid-item post-865 post type-post status-publish format-standard has-post-thumbnail hentry category-blog\" role=\"listitem\">\n\t\t\t<div class=\"elementor-post__card\">\n\t\t\t\t<a class=\"elementor-post__thumbnail__link\" href=\"https:\/\/cycleturkey.bike\/de\/blog\/die-geheimnisse-von-bodrum-entdecken-ein-gefuhrtes-tagliches-radsportabenteuer\/\" tabindex=\"-1\" ><div class=\"elementor-post__thumbnail\"><img decoding=\"async\" width=\"800\" height=\"533\" src=\"https:\/\/cycleturkey.bike\/de\/wp-content\/uploads\/sites\/4\/2024\/07\/silhouette-of-man-looking-at-view-2023-11-27-05-26-56-utc.jpg\" class=\"attachment-large size-large wp-image-866\" alt=\"\" srcset=\"https:\/\/cycleturkey.bike\/de\/wp-content\/uploads\/sites\/4\/2024\/07\/silhouette-of-man-looking-at-view-2023-11-27-05-26-56-utc.jpg 1024w, https:\/\/cycleturkey.bike\/de\/wp-content\/uploads\/sites\/4\/2024\/07\/silhouette-of-man-looking-at-view-2023-11-27-05-26-56-utc-300x200.jpg 300w, https:\/\/cycleturkey.bike\/de\/wp-content\/uploads\/sites\/4\/2024\/07\/silhouette-of-man-looking-at-view-2023-11-27-05-26-56-utc-768x512.jpg 768w, https:\/\/cycleturkey.bike\/de\/wp-content\/uploads\/sites\/4\/2024\/07\/silhouette-of-man-looking-at-view-2023-11-27-05-26-56-utc-600x400.jpg 600w\" sizes=\"(max-width: 800px) 100vw, 800px\" \/><\/div><\/a>\n\t\t\t\t<div class=\"elementor-post__badge\">Blog<\/div>\n\t\t\t\t<div class=\"elementor-post__text\">\n\t\t\t\t<h3 class=\"elementor-post__title\">\n\t\t\t<a href=\"https:\/\/cycleturkey.bike\/de\/blog\/die-geheimnisse-von-bodrum-entdecken-ein-gefuhrtes-tagliches-radsportabenteuer\/\" >\n\t\t\t\tDie Geheimnisse von Bodrum Entdecken: Ein Gef\u00fchrtes T\u00e4gliches Radsportabenteuer\t\t\t<\/a>\n\t\t<\/h3>\n\t\t\t\t<div class=\"elementor-post__excerpt\">\n\t\t\t<p>An der atemberaubenden \u00c4g\u00e4isk\u00fcste gelegen, ist die Halbinsel Bodrum ein wahres Paradies f\u00fcr Radfahrer und bietet eine vielf\u00e4ltige Auswahl an Landschaften und Erlebnissen f\u00fcr Fahrer<\/p>\n\t\t<\/div>\n\t\t\n\t\t<a class=\"elementor-post__read-more\" href=\"https:\/\/cycleturkey.bike\/de\/blog\/die-geheimnisse-von-bodrum-entdecken-ein-gefuhrtes-tagliches-radsportabenteuer\/\" aria-label=\"Read more about Die Geheimnisse von Bodrum Entdecken: Ein Gef\u00fchrtes T\u00e4gliches Radsportabenteuer\" tabindex=\"-1\" >\n\t\t\tRead More \u00bb\t\t<\/a>\n\n\t\t\t\t<\/div>\n\t\t\t\t<div class=\"elementor-post__meta-data\">\n\t\t\t\t\t<span class=\"elementor-post-date\">\n\t\t\tJuly 31, 2024\t\t<\/span>\n\t\t\t\t<\/div>\n\t\t\t\t\t<\/div>\n\t\t<\/article>\n\t\t\t\t<article class=\"elementor-post elementor-grid-item post-862 post type-post status-publish format-standard has-post-thumbnail hentry category-blog\" role=\"listitem\">\n\t\t\t<div class=\"elementor-post__card\">\n\t\t\t\t<a class=\"elementor-post__thumbnail__link\" href=\"https:\/\/cycleturkey.bike\/de\/blog\/die-radlandschaft-von-bodrum-entdecken-ein-umfassender-leitfaden-zu-vermietung-touren-und-paketen\/\" tabindex=\"-1\" ><div class=\"elementor-post__thumbnail\"><img decoding=\"async\" width=\"800\" height=\"533\" src=\"https:\/\/cycleturkey.bike\/de\/wp-content\/uploads\/sites\/4\/2024\/07\/mountain-biker-looking-at-view-and-riding-a-bike-2023-11-27-05-35-09-utc.jpg\" class=\"attachment-large size-large wp-image-863\" alt=\"\" srcset=\"https:\/\/cycleturkey.bike\/de\/wp-content\/uploads\/sites\/4\/2024\/07\/mountain-biker-looking-at-view-and-riding-a-bike-2023-11-27-05-35-09-utc.jpg 1024w, https:\/\/cycleturkey.bike\/de\/wp-content\/uploads\/sites\/4\/2024\/07\/mountain-biker-looking-at-view-and-riding-a-bike-2023-11-27-05-35-09-utc-300x200.jpg 300w, https:\/\/cycleturkey.bike\/de\/wp-content\/uploads\/sites\/4\/2024\/07\/mountain-biker-looking-at-view-and-riding-a-bike-2023-11-27-05-35-09-utc-768x512.jpg 768w, https:\/\/cycleturkey.bike\/de\/wp-content\/uploads\/sites\/4\/2024\/07\/mountain-biker-looking-at-view-and-riding-a-bike-2023-11-27-05-35-09-utc-600x400.jpg 600w\" sizes=\"(max-width: 800px) 100vw, 800px\" \/><\/div><\/a>\n\t\t\t\t<div class=\"elementor-post__badge\">Blog<\/div>\n\t\t\t\t<div class=\"elementor-post__text\">\n\t\t\t\t<h3 class=\"elementor-post__title\">\n\t\t\t<a href=\"https:\/\/cycleturkey.bike\/de\/blog\/die-radlandschaft-von-bodrum-entdecken-ein-umfassender-leitfaden-zu-vermietung-touren-und-paketen\/\" >\n\t\t\t\tDie Radlandschaft von Bodrum Entdecken: Ein Umfassender Leitfaden zu Vermietung, Touren und Paketen\t\t\t<\/a>\n\t\t<\/h3>\n\t\t\t\t<div class=\"elementor-post__excerpt\">\n\t\t\t<p>Willkommen in Bodrums Radsport-Oase An der atemberaubenden \u00c4g\u00e4isk\u00fcste gelegen, ist die Halbinsel Bodrum ein Paradies f\u00fcr Radsportbegeisterte und bietet eine Vielzahl von Erlebnissen f\u00fcr jeden<\/p>\n\t\t<\/div>\n\t\t\n\t\t<a class=\"elementor-post__read-more\" href=\"https:\/\/cycleturkey.bike\/de\/blog\/die-radlandschaft-von-bodrum-entdecken-ein-umfassender-leitfaden-zu-vermietung-touren-und-paketen\/\" aria-label=\"Read more about Die Radlandschaft von Bodrum Entdecken: Ein Umfassender Leitfaden zu Vermietung, Touren und Paketen\" tabindex=\"-1\" >\n\t\t\tRead More \u00bb\t\t<\/a>\n\n\t\t\t\t<\/div>\n\t\t\t\t<div class=\"elementor-post__meta-data\">\n\t\t\t\t\t<span class=\"elementor-post-date\">\n\t\t\tJuly 31, 2024\t\t<\/span>\n\t\t\t\t<\/div>\n\t\t\t\t\t<\/div>\n\t\t<\/article>\n\t\t\t\t<article class=\"elementor-post elementor-grid-item post-499 post type-post status-publish format-standard has-post-thumbnail hentry category-news\" role=\"listitem\">\n\t\t\t<div class=\"elementor-post__card\">\n\t\t\t\t<a class=\"elementor-post__thumbnail__link\" href=\"https:\/\/cycleturkey.bike\/de\/blog\/bike-center-turkey\/\" tabindex=\"-1\" ><div class=\"elementor-post__thumbnail\"><img loading=\"lazy\" decoding=\"async\" width=\"800\" height=\"450\" src=\"https:\/\/cycleturkey.bike\/de\/wp-content\/uploads\/sites\/4\/2024\/05\/Cycle-turkey-dalyan-tour-1024x576.jpg\" class=\"attachment-large size-large wp-image-500\" alt=\"\" srcset=\"https:\/\/cycleturkey.bike\/de\/wp-content\/uploads\/sites\/4\/2024\/05\/Cycle-turkey-dalyan-tour-1024x576.jpg 1024w, https:\/\/cycleturkey.bike\/de\/wp-content\/uploads\/sites\/4\/2024\/05\/Cycle-turkey-dalyan-tour-300x169.jpg 300w, https:\/\/cycleturkey.bike\/de\/wp-content\/uploads\/sites\/4\/2024\/05\/Cycle-turkey-dalyan-tour-768x432.jpg 768w, https:\/\/cycleturkey.bike\/de\/wp-content\/uploads\/sites\/4\/2024\/05\/Cycle-turkey-dalyan-tour-1536x864.jpg 1536w, https:\/\/cycleturkey.bike\/de\/wp-content\/uploads\/sites\/4\/2024\/05\/Cycle-turkey-dalyan-tour-600x338.jpg 600w, https:\/\/cycleturkey.bike\/de\/wp-content\/uploads\/sites\/4\/2024\/05\/Cycle-turkey-dalyan-tour.jpg 1600w\" sizes=\"(max-width: 800px) 100vw, 800px\" \/><\/div><\/a>\n\t\t\t\t<div class=\"elementor-post__badge\">News<\/div>\n\t\t\t\t<div class=\"elementor-post__text\">\n\t\t\t\t<h3 class=\"elementor-post__title\">\n\t\t\t<a href=\"https:\/\/cycleturkey.bike\/de\/blog\/bike-center-turkey\/\" >\n\t\t\t\tBike Center Turkey\t\t\t<\/a>\n\t\t<\/h3>\n\t\t\t\t<div class=\"elementor-post__excerpt\">\n\t\t\t<p>Nothing beats biking! Are you looking for a bike rental shop in Turkey? Our Bike Centre Bodrum has the best value, selection and quantity of<\/p>\n\t\t<\/div>\n\t\t\n\t\t<a class=\"elementor-post__read-more\" href=\"https:\/\/cycleturkey.bike\/de\/blog\/bike-center-turkey\/\" aria-label=\"Read more about Bike Center Turkey\" tabindex=\"-1\" >\n\t\t\tRead More \u00bb\t\t<\/a>\n\n\t\t\t\t<\/div>\n\t\t\t\t<div class=\"elementor-post__meta-data\">\n\t\t\t\t\t<span class=\"elementor-post-date\">\n\t\t\tMay 14, 2024\t\t<\/span>\n\t\t\t\t<\/div>\n\t\t\t\t\t<\/div>\n\t\t<\/article>\n\t\t\t\t<\/div>\n\t\t\t\t\t<span class=\"e-load-more-spinner\">\n\t\t\t\t<svg aria-hidden=\"true\" class=\"e-font-icon-svg e-fas-spinner\" viewBox=\"0 0 512 512\" xmlns=\"http:\/\/www.w3.org\/2000\/svg\"><path d=\"M304 48c0 26.51-21.49 48-48 48s-48-21.49-48-48 21.49-48 48-48 48 21.49 48 48zm-48 368c-26.51 0-48 21.49-48 48s21.49 48 48 48 48-21.49 48-48-21.49-48-48-48zm208-208c-26.51 0-48 21.49-48 48s21.49 48 48 48 48-21.49 48-48-21.49-48-48-48zM96 256c0-26.51-21.49-48-48-48S0 229.49 0 256s21.49 48 48 48 48-21.49 48-48zm12.922 99.078c-26.51 0-48 21.49-48 48s21.49 48 48 48 48-21.49 48-48c0-26.509-21.491-48-48-48zm294.156 0c-26.51 0-48 21.49-48 48s21.49 48 48 48 48-21.49 48-48c0-26.509-21.49-48-48-48zM108.922 60.922c-26.51 0-48 21.49-48 48s21.49 48 48 48 48-21.49 48-48-21.491-48-48-48z\"><\/path><\/svg>\t\t\t<\/span>\n\t\t\n\t\t\t\t\t\t<\/div>\n\t\t\t\t<\/div>\n\t\t\t\t\t<\/div>\n\t\t<\/div>\n\t\t\t\t\t<\/div>\n\t\t<\/section>\n\t\t\t\t<\/div>\n\t\t","protected":false},"excerpt":{"rendered":"<p>News &#038; Update. Every Pedal is an Adventure: Explore the Most Beautiful Routes with Us!<\/p>\n","protected":false},"author":1,"featured_media":0,"parent":0,"menu_order":0,"comment_status":"closed","ping_status":"closed","template":"elementor_header_footer","meta":{"footnotes":""},"class_list":["post-17","page","type-page","status-publish","hentry"],"_links":{"self":[{"href":"https:\/\/cycleturkey.bike\/de\/wp-json\/wp\/v2\/pages\/17","targetHints":{"allow":["GET"]}}],"collection":[{"href":"https:\/\/cycleturkey.bike\/de\/wp-json\/wp\/v2\/pages"}],"about":[{"href":"https:\/\/cycleturkey.bike\/de\/wp-json\/wp\/v2\/types\/page"}],"author":[{"embeddable":true,"href":"https:\/\/cycleturkey.bike\/de\/wp-json\/wp\/v2\/users\/1"}],"replies":[{"embeddable":true,"href":"https:\/\/cycleturkey.bike\/de\/wp-json\/wp\/v2\/comments?post=17"}],"version-history":[{"count":13,"href":"https:\/\/cycleturkey.bike\/de\/wp-json\/wp\/v2\/pages\/17\/revisions"}],"predecessor-version":[{"id":240,"href":"https:\/\/cycleturkey.bike\/de\/wp-json\/wp\/v2\/pages\/17\/revisions\/240"}],"wp:attachment":[{"href":"https:\/\/cycleturkey.bike\/de\/wp-json\/wp\/v2\/media?parent=17"}],"curies":[{"name":"wp","href":"https:\/\/api.w.org\/{rel}","templated":true}]}}