{"id":291,"date":"2024-05-16T10:20:42","date_gmt":"2024-05-16T10:20:42","guid":{"rendered":"https:\/\/cycleturkey.bike\/tr\/?page_id=291"},"modified":"2024-05-16T10:23:56","modified_gmt":"2024-05-16T10:23:56","slug":"hakkimizda","status":"publish","type":"page","link":"https:\/\/cycleturkey.bike\/tr\/hakkimizda\/","title":{"rendered":"Hakk\u0131m\u0131zda"},"content":{"rendered":"\t\t<div data-elementor-type=\"wp-page\" data-elementor-id=\"291\" class=\"elementor elementor-291\" data-elementor-post-type=\"page\">\n\t\t\t\t\t\t<section class=\"elementor-section elementor-top-section elementor-element elementor-element-5b1bb973 elementor-section-stretched elementor-section-boxed elementor-section-height-default elementor-section-height-default\" data-id=\"5b1bb973\" data-element_type=\"section\" data-settings=\"{&quot;stretch_section&quot;:&quot;section-stretched&quot;}\">\n\t\t\t\t\t\t<div class=\"elementor-container elementor-column-gap-default\">\n\t\t\t\t\t<div class=\"elementor-column elementor-col-50 elementor-top-column elementor-element elementor-element-5974ab0e\" data-id=\"5974ab0e\" data-element_type=\"column\">\n\t\t\t<div class=\"elementor-widget-wrap elementor-element-populated\">\n\t\t\t\t\t\t<div class=\"elementor-element elementor-element-7ee10d8c elementor-widget elementor-widget-heading\" data-id=\"7ee10d8c\" data-element_type=\"widget\" data-widget_type=\"heading.default\">\n\t\t\t\t<div class=\"elementor-widget-container\">\n\t\t\t\t\t<h2 class=\"elementor-heading-title elementor-size-default\">Cycle<b style=\"color:#017fc1\"> Turkey<\/b><\/h2>\t\t\t\t<\/div>\n\t\t\t\t<\/div>\n\t\t\t\t<div class=\"elementor-element elementor-element-283fd2f4 elementor-widget elementor-widget-text-editor\" data-id=\"283fd2f4\" data-element_type=\"widget\" data-widget_type=\"text-editor.default\">\n\t\t\t\t<div class=\"elementor-widget-container\">\n\t\t\t\t\t\t\t\t\t<div class=\"elementor-element elementor-element-1bdbf6b0 elementor-widget elementor-widget-text-editor\" data-id=\"1bdbf6b0\" data-element_type=\"widget\" data-widget_type=\"text-editor.default\"><div class=\"elementor-widget-container\"><p>Aktif tatil severlere\u00a0<span class=\"HwtZe\" lang=\"tr\"><span class=\"jCAhz ChMk0b\"><span class=\"ryNqvb\">rehberli g\u00fcnl\u00fck ve haftal\u0131k\u00a0<\/span><\/span><\/span>profesyonel bisiklet turlar\u0131 ve h<span class=\"HwtZe\" lang=\"tr\"><span class=\"jCAhz ChMk0b\"><span class=\"ryNqvb\">erkese uygun Tur bisiklet, e-bisiklet, yol bisiklet ve da\u011f bisikleti<\/span><\/span><\/span>\u00a0kiralama hizmeti veren bir turizm acentesidir.\u00a0\u00a0<\/p><\/div><\/div><div class=\"elementor-element elementor-element-6053816d elementor-widget elementor-widget-text-editor\" data-id=\"6053816d\" data-element_type=\"widget\" data-widget_type=\"text-editor.default\"><div class=\"elementor-widget-container\"><p><strong><em>Konseptimiz;<\/em><\/strong><\/p><p>T\u00fcrkiye\u2019nin k\u0131y\u0131lar\u0131nda ve Yunan adalar\u0131nda yelkenli tekne veya hotel konaklamal\u0131 bisiklet turlar\u0131m\u0131zla \u00fclkelerin tarih, k\u00fclt\u00fcr ve geleneklerini tan\u0131tmak.<\/p><p><strong>Do\u011fa, spor, gezi ve e\u011flencenin birle\u015fti\u011fi turlar\u0131m\u0131zda;<\/strong><\/p><p>Ege &amp; Akdeniz\u2019in turkuaz renkli deniziyle b\u00fct\u00fcnle\u015fmi\u015f muhte\u015fem adalar\u0131 ve koylar\u0131nda gecelemek.<\/p><p>Sakin huzur dolu yollarda pedallayarak\u00a0<span class=\"HwtZe\" lang=\"tr\"><span class=\"jCAhz ChMk0b C1N51c\"><span class=\"ryNqvb\">z<\/span><\/span><\/span>aman\u0131n durdu\u011fu k\u00f6yleri\u00a0<span class=\"HwtZe\" lang=\"tr\"><span class=\"jCAhz ChMk0b C1N51c\"><span class=\"ryNqvb\">ziyaret edip geleneksel yemeklerin ve i\u00e7eceklerin tad\u0131na bakmak.<\/span><\/span><\/span><\/p><p><span class=\"HwtZe\" lang=\"tr\"><span class=\"jCAhz ChMk0b C1N51c\"><span class=\"ryNqvb\">Antik \u00e7a\u011flardan kalma kentlerin efsanevi mitolojik hikayelerini\u00a0 dinlerken o anda olmak.<\/span><\/span><\/span><\/p><p>Zihnen dingin ve bedenen aktif, sa\u011fl\u0131kl\u0131, mutlu unutulmaz an\u0131lar ya\u015famak.<\/p><p><strong>Tarihi de\u011ferlere ve do\u011fal g\u00fczelliklere dokunaca\u011f\u0131m\u0131z seyahatlerimize sizi de bekliyoruz..<\/strong><\/p><\/div><\/div>\t\t\t\t\t\t\t\t<\/div>\n\t\t\t\t<\/div>\n\t\t\t\t\t<\/div>\n\t\t<\/div>\n\t\t\t\t<div class=\"elementor-column elementor-col-50 elementor-top-column elementor-element elementor-element-e127478\" data-id=\"e127478\" data-element_type=\"column\">\n\t\t\t<div class=\"elementor-widget-wrap elementor-element-populated\">\n\t\t\t\t\t\t<div class=\"elementor-element elementor-element-783b36bd elementor-widget elementor-widget-image\" data-id=\"783b36bd\" data-element_type=\"widget\" data-widget_type=\"image.default\">\n\t\t\t\t<div class=\"elementor-widget-container\">\n\t\t\t\t\t\t\t\t\t\t\t\t\t\t\t<img fetchpriority=\"high\" decoding=\"async\" width=\"1024\" height=\"744\" src=\"https:\/\/cycleturkey.bike\/tr\/wp-content\/uploads\/sites\/2\/2024\/05\/WhatsApp-Image-2022-08-06-at-21.01.47-1024x744-1.jpeg\" class=\"attachment-full size-full wp-image-109\" alt=\"\" srcset=\"https:\/\/cycleturkey.bike\/tr\/wp-content\/uploads\/sites\/2\/2024\/05\/WhatsApp-Image-2022-08-06-at-21.01.47-1024x744-1.jpeg 1024w, https:\/\/cycleturkey.bike\/tr\/wp-content\/uploads\/sites\/2\/2024\/05\/WhatsApp-Image-2022-08-06-at-21.01.47-1024x744-1-300x218.jpeg 300w, https:\/\/cycleturkey.bike\/tr\/wp-content\/uploads\/sites\/2\/2024\/05\/WhatsApp-Image-2022-08-06-at-21.01.47-1024x744-1-768x558.jpeg 768w, https:\/\/cycleturkey.bike\/tr\/wp-content\/uploads\/sites\/2\/2024\/05\/WhatsApp-Image-2022-08-06-at-21.01.47-1024x744-1-600x436.jpeg 600w\" sizes=\"(max-width: 1024px) 100vw, 1024px\" \/>\t\t\t\t\t\t\t\t\t\t\t\t\t\t\t<\/div>\n\t\t\t\t<\/div>\n\t\t\t\t\t<\/div>\n\t\t<\/div>\n\t\t\t\t\t<\/div>\n\t\t<\/section>\n\t\t\t\t<section class=\"elementor-section elementor-top-section elementor-element elementor-element-679d04e6 elementor-section-boxed elementor-section-height-default elementor-section-height-default\" data-id=\"679d04e6\" data-element_type=\"section\">\n\t\t\t\t\t\t<div class=\"elementor-container elementor-column-gap-default\">\n\t\t\t\t\t<div class=\"elementor-column elementor-col-100 elementor-top-column elementor-element elementor-element-2bcb939f\" data-id=\"2bcb939f\" data-element_type=\"column\" data-settings=\"{&quot;background_background&quot;:&quot;classic&quot;}\">\n\t\t\t<div class=\"elementor-widget-wrap elementor-element-populated\">\n\t\t\t\t\t\t<div class=\"elementor-element elementor-element-20f465c5 elementor-widget elementor-widget-heading\" data-id=\"20f465c5\" data-element_type=\"widget\" data-widget_type=\"heading.default\">\n\t\t\t\t<div class=\"elementor-widget-container\">\n\t\t\t\t\t<h2 class=\"elementor-heading-title elementor-size-default\">Sizi bug\u00fcn <b style=\"color:#017fc1\">kul\u00fcb\u00fcm\u00fcze ve toplulu\u011fumuza<\/b> kat\u0131lmaya davet ediyoruz.\n\n<\/h2>\t\t\t\t<\/div>\n\t\t\t\t<\/div>\n\t\t\t\t<div class=\"elementor-element elementor-element-6360fdb0 elementor-widget elementor-widget-text-editor\" data-id=\"6360fdb0\" data-element_type=\"widget\" data-widget_type=\"text-editor.default\">\n\t\t\t\t<div class=\"elementor-widget-container\">\n\t\t\t\t\t\t\t\t\t<p>Bisiklet s\u00fcrerek ya\u015famlar\u0131 iyile\u015ftirme misyonuyla, bisiklet s\u00fcrmenin zevklerini \u00f6\u011fretiyor, bisiklet s\u00fcrmek i\u00e7in g\u00fcvenli yerleri savunuyor ve d\u00fcnya standartlar\u0131nda s\u00fcr\u00fc\u015fler ve etkinlikler d\u00fczenliyoruz.<\/p>\t\t\t\t\t\t\t\t<\/div>\n\t\t\t\t<\/div>\n\t\t\t\t<div class=\"elementor-element elementor-element-5a9a95a2 elementor-widget elementor-widget-button\" data-id=\"5a9a95a2\" data-element_type=\"widget\" data-widget_type=\"button.default\">\n\t\t\t\t<div class=\"elementor-widget-container\">\n\t\t\t\t\t\t\t\t\t<div class=\"elementor-button-wrapper\">\n\t\t\t\t\t<a class=\"elementor-button elementor-button-link elementor-size-sm\" href=\"\/tr\/iletisim\">\n\t\t\t\t\t\t<span class=\"elementor-button-content-wrapper\">\n\t\t\t\t\t\t\t\t\t<span class=\"elementor-button-text\">BUG\u00dcN KATILIN<\/span>\n\t\t\t\t\t<\/span>\n\t\t\t\t\t<\/a>\n\t\t\t\t<\/div>\n\t\t\t\t\t\t\t\t<\/div>\n\t\t\t\t<\/div>\n\t\t\t\t\t<\/div>\n\t\t<\/div>\n\t\t\t\t\t<\/div>\n\t\t<\/section>\n\t\t\t\t<\/div>\n\t\t","protected":false},"excerpt":{"rendered":"<p>Cycle Turkey Aktif tatil severlere\u00a0rehberli g\u00fcnl\u00fck ve haftal\u0131k\u00a0profesyonel bisiklet turlar\u0131 ve herkese uygun Tur bisiklet, e-bisiklet, yol bisiklet ve da\u011f bisikleti\u00a0kiralama hizmeti veren bir turizm acentesidir.\u00a0\u00a0 Konseptimiz; T\u00fcrkiye\u2019nin k\u0131y\u0131lar\u0131nda ve Yunan adalar\u0131nda yelkenli tekne veya hotel konaklamal\u0131 bisiklet turlar\u0131m\u0131zla \u00fclkelerin tarih, k\u00fclt\u00fcr ve geleneklerini tan\u0131tmak. Do\u011fa, spor, gezi ve e\u011flencenin birle\u015fti\u011fi turlar\u0131m\u0131zda; Ege &amp; Akdeniz\u2019in [&hellip;]<\/p>\n","protected":false},"author":1,"featured_media":0,"parent":0,"menu_order":0,"comment_status":"closed","ping_status":"closed","template":"elementor_header_footer","meta":{"footnotes":""},"class_list":["post-291","page","type-page","status-publish","hentry"],"_links":{"self":[{"href":"https:\/\/cycleturkey.bike\/tr\/wp-json\/wp\/v2\/pages\/291","targetHints":{"allow":["GET"]}}],"collection":[{"href":"https:\/\/cycleturkey.bike\/tr\/wp-json\/wp\/v2\/pages"}],"about":[{"href":"https:\/\/cycleturkey.bike\/tr\/wp-json\/wp\/v2\/types\/page"}],"author":[{"embeddable":true,"href":"https:\/\/cycleturkey.bike\/tr\/wp-json\/wp\/v2\/users\/1"}],"replies":[{"embeddable":true,"href":"https:\/\/cycleturkey.bike\/tr\/wp-json\/wp\/v2\/comments?post=291"}],"version-history":[{"count":4,"href":"https:\/\/cycleturkey.bike\/tr\/wp-json\/wp\/v2\/pages\/291\/revisions"}],"predecessor-version":[{"id":297,"href":"https:\/\/cycleturkey.bike\/tr\/wp-json\/wp\/v2\/pages\/291\/revisions\/297"}],"wp:attachment":[{"href":"https:\/\/cycleturkey.bike\/tr\/wp-json\/wp\/v2\/media?parent=291"}],"curies":[{"name":"wp","href":"https:\/\/api.w.org\/{rel}","templated":true}]}}