{"id":298,"date":"2024-05-16T10:24:47","date_gmt":"2024-05-16T10:24:47","guid":{"rendered":"https:\/\/cycleturkey.bike\/tr\/?page_id=298"},"modified":"2024-05-16T10:26:15","modified_gmt":"2024-05-16T10:26:15","slug":"iletisim","status":"publish","type":"page","link":"https:\/\/cycleturkey.bike\/tr\/iletisim\/","title":{"rendered":"\u0130leti\u015fim"},"content":{"rendered":"\t\t<div data-elementor-type=\"wp-page\" data-elementor-id=\"298\" class=\"elementor elementor-298\" data-elementor-post-type=\"page\">\n\t\t\t\t\t\t<section class=\"elementor-section elementor-top-section elementor-element elementor-element-212f0bd0 elementor-section-stretched elementor-section-boxed elementor-section-height-default elementor-section-height-default\" data-id=\"212f0bd0\" data-element_type=\"section\" data-settings=\"{&quot;stretch_section&quot;:&quot;section-stretched&quot;}\">\n\t\t\t\t\t\t<div class=\"elementor-container elementor-column-gap-wider\">\n\t\t\t\t\t<div class=\"elementor-column elementor-col-50 elementor-top-column elementor-element elementor-element-1a50cfa2\" data-id=\"1a50cfa2\" data-element_type=\"column\">\n\t\t\t<div class=\"elementor-widget-wrap elementor-element-populated\">\n\t\t\t\t\t\t<div class=\"elementor-element elementor-element-327fd8d3 elementor-widget elementor-widget-heading\" data-id=\"327fd8d3\" data-element_type=\"widget\" data-widget_type=\"heading.default\">\n\t\t\t\t<div class=\"elementor-widget-container\">\n\t\t\t\t\t<h2 class=\"elementor-heading-title elementor-size-default\">Ajans\u0131m\u0131z hakk\u0131nda <b style=\"color:#017fc1\"> daha fazla bilgi<\/b> i\u00e7in bize ula\u015f\u0131n.\n<\/h2>\t\t\t\t<\/div>\n\t\t\t\t<\/div>\n\t\t\t\t<div class=\"elementor-element elementor-element-2b435797 elementor-widget elementor-widget-text-editor\" data-id=\"2b435797\" data-element_type=\"widget\" data-widget_type=\"text-editor.default\">\n\t\t\t\t<div class=\"elementor-widget-container\">\n\t\t\t\t\t\t\t\t\t<p>Cycle Expeditions Turkey \u015firketi 2015 y\u0131l\u0131nda kuruldu. \u0130lham\u0131m\u0131z do\u011fadan geliyor. A\u00e7\u0131k havada ve do\u011fada aktif olmak i\u00e7in ya\u015f\u0131yoruz. Bisiklete binmek, y\u00fcr\u00fcy\u00fc\u015f yapmak, y\u00fczmek veya ba\u015fka herhangi bir a\u00e7\u0131k hava aktivitesi olsun, a\u00e7\u0131k havan\u0131n \u00f6zg\u00fcrl\u00fc\u011f\u00fc harika hissettiriyor ve bizi sa\u011fl\u0131kl\u0131, mutlu ve al\u00e7akg\u00f6n\u00fcll\u00fc hissettiriyor.<\/p>\t\t\t\t\t\t\t\t<\/div>\n\t\t\t\t<\/div>\n\t\t\t\t<div class=\"elementor-element elementor-element-357779e3 elementor-widget elementor-widget-google_maps\" data-id=\"357779e3\" data-element_type=\"widget\" data-widget_type=\"google_maps.default\">\n\t\t\t\t<div class=\"elementor-widget-container\">\n\t\t\t\t\t\t\t<div class=\"elementor-custom-embed\">\n\t\t\t<iframe loading=\"lazy\"\n\t\t\t\t\tsrc=\"https:\/\/maps.google.com\/maps?q=Cycle%20Expeditions%20Tur.%20Ltd.%20%C8%98ti%20%D2%80aml%C4%B1k%20mah.%20%C3%96merler%20sok.%20no%3A%2029%2F1%20Bodrum%2048400%20Mu%E1%B8%A1la%20TURKEY&#038;t=m&#038;z=15&#038;output=embed&#038;iwloc=near\"\n\t\t\t\t\ttitle=\"Cycle Expeditions Tur. Ltd. \u0218ti \u0480aml\u0131k mah. \u00d6merler sok. no: 29\/1 Bodrum 48400 Mu\u1e21la TURKEY\"\n\t\t\t\t\taria-label=\"Cycle Expeditions Tur. Ltd. \u0218ti \u0480aml\u0131k mah. \u00d6merler sok. no: 29\/1 Bodrum 48400 Mu\u1e21la TURKEY\"\n\t\t\t><\/iframe>\n\t\t<\/div>\n\t\t\t\t\t\t<\/div>\n\t\t\t\t<\/div>\n\t\t\t\t\t<\/div>\n\t\t<\/div>\n\t\t\t\t<div class=\"elementor-column elementor-col-50 elementor-top-column elementor-element elementor-element-646926ca\" data-id=\"646926ca\" data-element_type=\"column\" data-settings=\"{&quot;background_background&quot;:&quot;classic&quot;}\">\n\t\t\t<div class=\"elementor-widget-wrap elementor-element-populated\">\n\t\t\t\t\t\t<div class=\"elementor-element elementor-element-4c983ac8 elementor-widget elementor-widget-heading\" data-id=\"4c983ac8\" data-element_type=\"widget\" data-widget_type=\"heading.default\">\n\t\t\t\t<div class=\"elementor-widget-container\">\n\t\t\t\t\t<h2 class=\"elementor-heading-title elementor-size-default\">\u0130leti\u015fim Formu<\/h2>\t\t\t\t<\/div>\n\t\t\t\t<\/div>\n\t\t\t\t<div class=\"elementor-element elementor-element-a1351da elementor-button-align-stretch elementor-widget elementor-widget-form\" data-id=\"a1351da\" data-element_type=\"widget\" data-settings=\"{&quot;step_next_label&quot;:&quot;Next&quot;,&quot;step_previous_label&quot;:&quot;Previous&quot;,&quot;button_width&quot;:&quot;100&quot;,&quot;step_type&quot;:&quot;number_text&quot;,&quot;step_icon_shape&quot;:&quot;circle&quot;}\" data-widget_type=\"form.default\">\n\t\t\t\t<div class=\"elementor-widget-container\">\n\t\t\t\t\t\t\t<form class=\"elementor-form\" method=\"post\" name=\"New Form\" aria-label=\"New Form\">\n\t\t\t<input type=\"hidden\" name=\"post_id\" value=\"298\"\/>\n\t\t\t<input type=\"hidden\" name=\"form_id\" value=\"a1351da\"\/>\n\t\t\t<input type=\"hidden\" name=\"referer_title\" value=\"\u0130leti\u015fim - Cycle Turkey\" \/>\n\n\t\t\t\t\t\t\t<input type=\"hidden\" name=\"queried_id\" value=\"298\"\/>\n\t\t\t\n\t\t\t<div class=\"elementor-form-fields-wrapper elementor-labels-\">\n\t\t\t\t\t\t\t\t<div class=\"elementor-field-type-text elementor-field-group elementor-column elementor-field-group-name elementor-col-100\">\n\t\t\t\t\t\t\t\t\t\t\t\t<label for=\"form-field-name\" class=\"elementor-field-label elementor-screen-only\">\n\t\t\t\t\t\t\t\tAd\t\t\t\t\t\t\t<\/label>\n\t\t\t\t\t\t\t\t\t\t\t\t\t\t<input size=\"1\" type=\"text\" name=\"form_fields[name]\" id=\"form-field-name\" class=\"elementor-field elementor-size-md  elementor-field-textual\" placeholder=\"Ad\">\n\t\t\t\t\t\t\t\t\t\t\t<\/div>\n\t\t\t\t\t\t\t\t<div class=\"elementor-field-type-email elementor-field-group elementor-column elementor-field-group-email elementor-col-100 elementor-field-required\">\n\t\t\t\t\t\t\t\t\t\t\t\t<label for=\"form-field-email\" class=\"elementor-field-label elementor-screen-only\">\n\t\t\t\t\t\t\t\tE-Posta\t\t\t\t\t\t\t<\/label>\n\t\t\t\t\t\t\t\t\t\t\t\t\t\t<input size=\"1\" type=\"email\" name=\"form_fields[email]\" id=\"form-field-email\" class=\"elementor-field elementor-size-md  elementor-field-textual\" placeholder=\"E-Posta\" required=\"required\">\n\t\t\t\t\t\t\t\t\t\t\t<\/div>\n\t\t\t\t\t\t\t\t<div class=\"elementor-field-type-textarea elementor-field-group elementor-column elementor-field-group-message elementor-col-100\">\n\t\t\t\t\t\t\t\t\t\t\t\t<label for=\"form-field-message\" class=\"elementor-field-label elementor-screen-only\">\n\t\t\t\t\t\t\t\tMesaj\t\t\t\t\t\t\t<\/label>\n\t\t\t\t\t\t<textarea class=\"elementor-field-textual elementor-field  elementor-size-md\" name=\"form_fields[message]\" id=\"form-field-message\" rows=\"4\" placeholder=\"Mesaj\"><\/textarea>\t\t\t\t<\/div>\n\t\t\t\t\t\t\t\t<div class=\"elementor-field-group elementor-column elementor-field-type-submit elementor-col-100 e-form__buttons\">\n\t\t\t\t\t<button class=\"elementor-button elementor-size-md\" type=\"submit\">\n\t\t\t\t\t\t<span class=\"elementor-button-content-wrapper\">\n\t\t\t\t\t\t\t\t\t\t\t\t\t\t\t\t\t\t\t\t\t\t<span class=\"elementor-button-text\">G\u00f6nder<\/span>\n\t\t\t\t\t\t\t\t\t\t\t\t\t<\/span>\n\t\t\t\t\t<\/button>\n\t\t\t\t<\/div>\n\t\t\t<\/div>\n\t\t<\/form>\n\t\t\t\t\t\t<\/div>\n\t\t\t\t<\/div>\n\t\t\t\t\t<\/div>\n\t\t<\/div>\n\t\t\t\t\t<\/div>\n\t\t<\/section>\n\t\t\t\t<\/div>\n\t\t","protected":false},"excerpt":{"rendered":"<p>Ajans\u0131m\u0131z hakk\u0131nda daha fazla bilgi i\u00e7in bize ula\u015f\u0131n. Cycle Expeditions Turkey \u015firketi 2015 y\u0131l\u0131nda kuruldu. \u0130lham\u0131m\u0131z do\u011fadan geliyor. A\u00e7\u0131k havada ve do\u011fada aktif olmak i\u00e7in ya\u015f\u0131yoruz. Bisiklete binmek, y\u00fcr\u00fcy\u00fc\u015f yapmak, y\u00fczmek veya ba\u015fka herhangi bir a\u00e7\u0131k hava aktivitesi olsun, a\u00e7\u0131k havan\u0131n \u00f6zg\u00fcrl\u00fc\u011f\u00fc harika hissettiriyor ve bizi sa\u011fl\u0131kl\u0131, mutlu ve al\u00e7akg\u00f6n\u00fcll\u00fc hissettiriyor. \u0130leti\u015fim Formu<\/p>\n","protected":false},"author":1,"featured_media":0,"parent":0,"menu_order":0,"comment_status":"closed","ping_status":"closed","template":"elementor_header_footer","meta":{"footnotes":""},"class_list":["post-298","page","type-page","status-publish","hentry"],"_links":{"self":[{"href":"https:\/\/cycleturkey.bike\/tr\/wp-json\/wp\/v2\/pages\/298","targetHints":{"allow":["GET"]}}],"collection":[{"href":"https:\/\/cycleturkey.bike\/tr\/wp-json\/wp\/v2\/pages"}],"about":[{"href":"https:\/\/cycleturkey.bike\/tr\/wp-json\/wp\/v2\/types\/page"}],"author":[{"embeddable":true,"href":"https:\/\/cycleturkey.bike\/tr\/wp-json\/wp\/v2\/users\/1"}],"replies":[{"embeddable":true,"href":"https:\/\/cycleturkey.bike\/tr\/wp-json\/wp\/v2\/comments?post=298"}],"version-history":[{"count":4,"href":"https:\/\/cycleturkey.bike\/tr\/wp-json\/wp\/v2\/pages\/298\/revisions"}],"predecessor-version":[{"id":304,"href":"https:\/\/cycleturkey.bike\/tr\/wp-json\/wp\/v2\/pages\/298\/revisions\/304"}],"wp:attachment":[{"href":"https:\/\/cycleturkey.bike\/tr\/wp-json\/wp\/v2\/media?parent=298"}],"curies":[{"name":"wp","href":"https:\/\/api.w.org\/{rel}","templated":true}]}}