{"id":305,"date":"2024-05-16T10:27:13","date_gmt":"2024-05-16T10:27:13","guid":{"rendered":"https:\/\/cycleturkey.bike\/tr\/?page_id=305"},"modified":"2024-05-17T06:24:08","modified_gmt":"2024-05-17T06:24:08","slug":"blog","status":"publish","type":"page","link":"https:\/\/cycleturkey.bike\/tr\/blog\/","title":{"rendered":"Blog"},"content":{"rendered":"\t\t<div data-elementor-type=\"wp-page\" data-elementor-id=\"305\" class=\"elementor elementor-305\" data-elementor-post-type=\"page\">\n\t\t\t\t\t\t<section class=\"elementor-section elementor-top-section elementor-element elementor-element-13cc3415 elementor-section-boxed elementor-section-height-default elementor-section-height-default\" data-id=\"13cc3415\" data-element_type=\"section\">\n\t\t\t\t\t\t<div class=\"elementor-container elementor-column-gap-default\">\n\t\t\t\t\t<div class=\"elementor-column elementor-col-100 elementor-top-column elementor-element elementor-element-6c78773a\" data-id=\"6c78773a\" data-element_type=\"column\">\n\t\t\t<div class=\"elementor-widget-wrap elementor-element-populated\">\n\t\t\t\t\t\t<div class=\"elementor-element elementor-element-3f48eec elementor-widget elementor-widget-heading\" data-id=\"3f48eec\" data-element_type=\"widget\" data-widget_type=\"heading.default\">\n\t\t\t\t<div class=\"elementor-widget-container\">\n\t\t\t\t\t<h2 class=\"elementor-heading-title elementor-size-default\">Haberler &amp; <b style=\"color:#017fc1\">G\u00fcncelleme<\/b>.<\/h2>\t\t\t\t<\/div>\n\t\t\t\t<\/div>\n\t\t\t\t<div class=\"elementor-element elementor-element-49791fce elementor-widget elementor-widget-text-editor\" data-id=\"49791fce\" data-element_type=\"widget\" data-widget_type=\"text-editor.default\">\n\t\t\t\t<div class=\"elementor-widget-container\">\n\t\t\t\t\t\t\t\t\t<p>Her Pedal Bir Macerad\u0131r: En G\u00fczel Rotalar\u0131 Bizimle Ke\u015ffedin!<\/p>\t\t\t\t\t\t\t\t<\/div>\n\t\t\t\t<\/div>\n\t\t\t\t\t<\/div>\n\t\t<\/div>\n\t\t\t\t\t<\/div>\n\t\t<\/section>\n\t\t\t\t<section class=\"elementor-section elementor-top-section elementor-element elementor-element-7dd0ba57 elementor-section-boxed elementor-section-height-default elementor-section-height-default\" data-id=\"7dd0ba57\" data-element_type=\"section\">\n\t\t\t\t\t\t<div class=\"elementor-container elementor-column-gap-default\">\n\t\t\t\t\t<div class=\"elementor-column elementor-col-100 elementor-top-column elementor-element elementor-element-2ca1168\" data-id=\"2ca1168\" data-element_type=\"column\">\n\t\t\t<div class=\"elementor-widget-wrap elementor-element-populated\">\n\t\t\t\t\t\t<div class=\"elementor-element elementor-element-4e03d2c8 elementor-grid-3 elementor-grid-tablet-2 elementor-grid-mobile-1 elementor-posts--thumbnail-top elementor-posts__hover-gradient elementor-widget elementor-widget-posts\" data-id=\"4e03d2c8\" data-element_type=\"widget\" data-settings=\"{&quot;pagination_type&quot;:&quot;load_more_infinite_scroll&quot;,&quot;cards_columns&quot;:&quot;3&quot;,&quot;cards_columns_tablet&quot;:&quot;2&quot;,&quot;cards_columns_mobile&quot;:&quot;1&quot;,&quot;cards_row_gap&quot;:{&quot;unit&quot;:&quot;px&quot;,&quot;size&quot;:35,&quot;sizes&quot;:[]},&quot;cards_row_gap_tablet&quot;:{&quot;unit&quot;:&quot;px&quot;,&quot;size&quot;:&quot;&quot;,&quot;sizes&quot;:[]},&quot;cards_row_gap_mobile&quot;:{&quot;unit&quot;:&quot;px&quot;,&quot;size&quot;:&quot;&quot;,&quot;sizes&quot;:[]},&quot;load_more_spinner&quot;:{&quot;value&quot;:&quot;fas fa-spinner&quot;,&quot;library&quot;:&quot;fa-solid&quot;}}\" data-widget_type=\"posts.cards\">\n\t\t\t\t<div class=\"elementor-widget-container\">\n\t\t\t\t\t\t\t<div class=\"elementor-posts-container elementor-posts elementor-posts--skin-cards elementor-grid\" role=\"list\">\n\t\t\t\t<article class=\"elementor-post elementor-grid-item post-696 post type-post status-publish format-standard has-post-thumbnail hentry category-blog\" role=\"listitem\">\n\t\t\t<div class=\"elementor-post__card\">\n\t\t\t\t<a class=\"elementor-post__thumbnail__link\" href=\"https:\/\/cycleturkey.bike\/tr\/bodrumun-gizli-hazinelerini-kesfedin-kisisellestirilmis-bir-bisiklet-macerasina-cikin\/\" tabindex=\"-1\"><div class=\"elementor-post__thumbnail\"><img fetchpriority=\"high\" decoding=\"async\" width=\"800\" height=\"599\" src=\"https:\/\/cycleturkey.bike\/tr\/wp-content\/uploads\/sites\/2\/2024\/07\/aerial-view-of-bodrum-on-turkish-riviera-view-on-2023-11-27-05-20-01-utc.jpg\" class=\"attachment-large size-large wp-image-697\" alt=\"\" srcset=\"https:\/\/cycleturkey.bike\/tr\/wp-content\/uploads\/sites\/2\/2024\/07\/aerial-view-of-bodrum-on-turkish-riviera-view-on-2023-11-27-05-20-01-utc.jpg 1024w, https:\/\/cycleturkey.bike\/tr\/wp-content\/uploads\/sites\/2\/2024\/07\/aerial-view-of-bodrum-on-turkish-riviera-view-on-2023-11-27-05-20-01-utc-300x225.jpg 300w, https:\/\/cycleturkey.bike\/tr\/wp-content\/uploads\/sites\/2\/2024\/07\/aerial-view-of-bodrum-on-turkish-riviera-view-on-2023-11-27-05-20-01-utc-768x575.jpg 768w, https:\/\/cycleturkey.bike\/tr\/wp-content\/uploads\/sites\/2\/2024\/07\/aerial-view-of-bodrum-on-turkish-riviera-view-on-2023-11-27-05-20-01-utc-600x449.jpg 600w\" sizes=\"(max-width: 800px) 100vw, 800px\" \/><\/div><\/a>\n\t\t\t\t<div class=\"elementor-post__badge\">Blog<\/div>\n\t\t\t\t<div class=\"elementor-post__text\">\n\t\t\t\t<h3 class=\"elementor-post__title\">\n\t\t\t<a href=\"https:\/\/cycleturkey.bike\/tr\/bodrumun-gizli-hazinelerini-kesfedin-kisisellestirilmis-bir-bisiklet-macerasina-cikin\/\">\n\t\t\t\tBodrum\u2019un Gizli Hazinelerini Ke\u015ffedin: Ki\u015fiselle\u015ftirilmi\u015f Bir Bisiklet Maceras\u0131na \u00c7\u0131k\u0131n!\t\t\t<\/a>\n\t\t<\/h3>\n\t\t\t\t<div class=\"elementor-post__excerpt\">\n\t\t\t<p>Bodrum\u2019daki en \u00f6nde gelen bisiklet \u015firketi Cycle Turkey olarak, misafirlerimize ki\u015fiselle\u015ftirilmi\u015f bisiklet deneyimlerinin en iyisini sunmaktan gurur duyuyoruz. \u0130ster deneyimli bir bisiklet\u00e7i olun ister bu<\/p>\n\t\t<\/div>\n\t\t\n\t\t<a class=\"elementor-post__read-more\" href=\"https:\/\/cycleturkey.bike\/tr\/bodrumun-gizli-hazinelerini-kesfedin-kisisellestirilmis-bir-bisiklet-macerasina-cikin\/\" aria-label=\"Read more about Bodrum\u2019un Gizli Hazinelerini Ke\u015ffedin: Ki\u015fiselle\u015ftirilmi\u015f Bir Bisiklet Maceras\u0131na \u00c7\u0131k\u0131n!\" tabindex=\"-1\">\n\t\t\tDevam\u0131n\u0131 Oku \u00bb\t\t<\/a>\n\n\t\t\t\t<\/div>\n\t\t\t\t<div class=\"elementor-post__meta-data\">\n\t\t\t\t\t<span class=\"elementor-post-date\">\n\t\t\tTemmuz 31, 2024\t\t<\/span>\n\t\t\t\t<\/div>\n\t\t\t\t\t<\/div>\n\t\t<\/article>\n\t\t\t\t<article class=\"elementor-post elementor-grid-item post-693 post type-post status-publish format-standard has-post-thumbnail hentry category-blog\" role=\"listitem\">\n\t\t\t<div class=\"elementor-post__card\">\n\t\t\t\t<a class=\"elementor-post__thumbnail__link\" href=\"https:\/\/cycleturkey.bike\/tr\/bodrumun-sirlarini-cozmek-rehberli-gunluk-bisiklet-macerasi\/\" tabindex=\"-1\"><div class=\"elementor-post__thumbnail\"><img decoding=\"async\" width=\"800\" height=\"533\" src=\"https:\/\/cycleturkey.bike\/tr\/wp-content\/uploads\/sites\/2\/2024\/07\/silhouette-of-man-looking-at-view-2023-11-27-05-26-56-utc.jpg\" class=\"attachment-large size-large wp-image-694\" alt=\"\" srcset=\"https:\/\/cycleturkey.bike\/tr\/wp-content\/uploads\/sites\/2\/2024\/07\/silhouette-of-man-looking-at-view-2023-11-27-05-26-56-utc.jpg 1024w, https:\/\/cycleturkey.bike\/tr\/wp-content\/uploads\/sites\/2\/2024\/07\/silhouette-of-man-looking-at-view-2023-11-27-05-26-56-utc-300x200.jpg 300w, https:\/\/cycleturkey.bike\/tr\/wp-content\/uploads\/sites\/2\/2024\/07\/silhouette-of-man-looking-at-view-2023-11-27-05-26-56-utc-768x512.jpg 768w, https:\/\/cycleturkey.bike\/tr\/wp-content\/uploads\/sites\/2\/2024\/07\/silhouette-of-man-looking-at-view-2023-11-27-05-26-56-utc-600x400.jpg 600w\" sizes=\"(max-width: 800px) 100vw, 800px\" \/><\/div><\/a>\n\t\t\t\t<div class=\"elementor-post__badge\">Blog<\/div>\n\t\t\t\t<div class=\"elementor-post__text\">\n\t\t\t\t<h3 class=\"elementor-post__title\">\n\t\t\t<a href=\"https:\/\/cycleturkey.bike\/tr\/bodrumun-sirlarini-cozmek-rehberli-gunluk-bisiklet-macerasi\/\">\n\t\t\t\tBodrum&#8217;un S\u0131rlar\u0131n\u0131 \u00c7\u00f6zmek: Rehberli G\u00fcnl\u00fck Bisiklet Maceras\u0131\t\t\t<\/a>\n\t\t<\/h3>\n\t\t\t\t<div class=\"elementor-post__excerpt\">\n\t\t\t<p>Muhte\u015fem Ege k\u0131y\u0131lar\u0131nda yer alan Bodrum Yar\u0131madas\u0131, her seviyedeki bisiklet\u00e7i i\u00e7in \u00e7e\u015fitli manzaralar ve deneyimler sunan ger\u00e7ek bir bisiklet cennetidir. Bodrum&#8217;daki en b\u00fcy\u00fck bisiklet \u015firketi<\/p>\n\t\t<\/div>\n\t\t\n\t\t<a class=\"elementor-post__read-more\" href=\"https:\/\/cycleturkey.bike\/tr\/bodrumun-sirlarini-cozmek-rehberli-gunluk-bisiklet-macerasi\/\" aria-label=\"Read more about Bodrum&#8217;un S\u0131rlar\u0131n\u0131 \u00c7\u00f6zmek: Rehberli G\u00fcnl\u00fck Bisiklet Maceras\u0131\" tabindex=\"-1\">\n\t\t\tDevam\u0131n\u0131 Oku \u00bb\t\t<\/a>\n\n\t\t\t\t<\/div>\n\t\t\t\t<div class=\"elementor-post__meta-data\">\n\t\t\t\t\t<span class=\"elementor-post-date\">\n\t\t\tTemmuz 31, 2024\t\t<\/span>\n\t\t\t\t<\/div>\n\t\t\t\t\t<\/div>\n\t\t<\/article>\n\t\t\t\t<article class=\"elementor-post elementor-grid-item post-690 post type-post status-publish format-standard has-post-thumbnail hentry category-uncategorized\" role=\"listitem\">\n\t\t\t<div class=\"elementor-post__card\">\n\t\t\t\t<a class=\"elementor-post__thumbnail__link\" href=\"https:\/\/cycleturkey.bike\/tr\/bodrumun-bisiklet-manzarasini-kesfetmek-kiralama-turlar-ve-paketler-icin-kapsamli-bir-kilavuz\/\" tabindex=\"-1\"><div class=\"elementor-post__thumbnail\"><img decoding=\"async\" width=\"800\" height=\"533\" src=\"https:\/\/cycleturkey.bike\/tr\/wp-content\/uploads\/sites\/2\/2024\/07\/mountain-biker-looking-at-view-and-riding-a-bike-2023-11-27-05-35-09-utc1.jpg\" class=\"attachment-large size-large wp-image-691\" alt=\"\" srcset=\"https:\/\/cycleturkey.bike\/tr\/wp-content\/uploads\/sites\/2\/2024\/07\/mountain-biker-looking-at-view-and-riding-a-bike-2023-11-27-05-35-09-utc1.jpg 1024w, https:\/\/cycleturkey.bike\/tr\/wp-content\/uploads\/sites\/2\/2024\/07\/mountain-biker-looking-at-view-and-riding-a-bike-2023-11-27-05-35-09-utc1-300x200.jpg 300w, https:\/\/cycleturkey.bike\/tr\/wp-content\/uploads\/sites\/2\/2024\/07\/mountain-biker-looking-at-view-and-riding-a-bike-2023-11-27-05-35-09-utc1-768x512.jpg 768w, https:\/\/cycleturkey.bike\/tr\/wp-content\/uploads\/sites\/2\/2024\/07\/mountain-biker-looking-at-view-and-riding-a-bike-2023-11-27-05-35-09-utc1-600x400.jpg 600w\" sizes=\"(max-width: 800px) 100vw, 800px\" \/><\/div><\/a>\n\t\t\t\t<div class=\"elementor-post__badge\">Uncategorized<\/div>\n\t\t\t\t<div class=\"elementor-post__text\">\n\t\t\t\t<h3 class=\"elementor-post__title\">\n\t\t\t<a href=\"https:\/\/cycleturkey.bike\/tr\/bodrumun-bisiklet-manzarasini-kesfetmek-kiralama-turlar-ve-paketler-icin-kapsamli-bir-kilavuz\/\">\n\t\t\t\tBodrum&#8217;un Bisiklet Manzaras\u0131n\u0131 Ke\u015ffetmek: Kiralama, Turlar ve Paketler \u0130\u00e7in Kapsaml\u0131 Bir K\u0131lavuz\t\t\t<\/a>\n\t\t<\/h3>\n\t\t\t\t<div class=\"elementor-post__excerpt\">\n\t\t\t<p>Bodrum&#8216;un Bisiklet Cenneti&#8217;ne Ho\u015f Geldiniz Muhte\u015fem Ege k\u0131y\u0131lar\u0131nda yer alan Bodrum Yar\u0131madas\u0131, her t\u00fcrden bisiklet\u00e7iye hitap eden \u00e7e\u015fitli deneyimler sunan bir cennettir. Bodrum&#8217;un en b\u00fcy\u00fck<\/p>\n\t\t<\/div>\n\t\t\n\t\t<a class=\"elementor-post__read-more\" href=\"https:\/\/cycleturkey.bike\/tr\/bodrumun-bisiklet-manzarasini-kesfetmek-kiralama-turlar-ve-paketler-icin-kapsamli-bir-kilavuz\/\" aria-label=\"Read more about Bodrum&#8217;un Bisiklet Manzaras\u0131n\u0131 Ke\u015ffetmek: Kiralama, Turlar ve Paketler \u0130\u00e7in Kapsaml\u0131 Bir K\u0131lavuz\" tabindex=\"-1\">\n\t\t\tDevam\u0131n\u0131 Oku \u00bb\t\t<\/a>\n\n\t\t\t\t<\/div>\n\t\t\t\t<div class=\"elementor-post__meta-data\">\n\t\t\t\t\t<span class=\"elementor-post-date\">\n\t\t\tTemmuz 31, 2024\t\t<\/span>\n\t\t\t\t<\/div>\n\t\t\t\t\t<\/div>\n\t\t<\/article>\n\t\t\t\t<article class=\"elementor-post elementor-grid-item post-193 post type-post status-publish format-standard has-post-thumbnail hentry category-haberler\" role=\"listitem\">\n\t\t\t<div class=\"elementor-post__card\">\n\t\t\t\t<a class=\"elementor-post__thumbnail__link\" href=\"https:\/\/cycleturkey.bike\/tr\/bike-center-turkey\/\" tabindex=\"-1\"><div class=\"elementor-post__thumbnail\"><img fetchpriority=\"high\" decoding=\"async\" width=\"800\" height=\"599\" src=\"https:\/\/cycleturkey.bike\/tr\/wp-content\/uploads\/sites\/2\/2024\/07\/aerial-view-of-bodrum-on-turkish-riviera-view-on-2023-11-27-05-20-01-utc.jpg\" class=\"attachment-large size-large wp-image-697\" alt=\"\" srcset=\"https:\/\/cycleturkey.bike\/tr\/wp-content\/uploads\/sites\/2\/2024\/07\/aerial-view-of-bodrum-on-turkish-riviera-view-on-2023-11-27-05-20-01-utc.jpg 1024w, https:\/\/cycleturkey.bike\/tr\/wp-content\/uploads\/sites\/2\/2024\/07\/aerial-view-of-bodrum-on-turkish-riviera-view-on-2023-11-27-05-20-01-utc-300x225.jpg 300w, https:\/\/cycleturkey.bike\/tr\/wp-content\/uploads\/sites\/2\/2024\/07\/aerial-view-of-bodrum-on-turkish-riviera-view-on-2023-11-27-05-20-01-utc-768x575.jpg 768w, https:\/\/cycleturkey.bike\/tr\/wp-content\/uploads\/sites\/2\/2024\/07\/aerial-view-of-bodrum-on-turkish-riviera-view-on-2023-11-27-05-20-01-utc-600x449.jpg 600w\" sizes=\"(max-width: 800px) 100vw, 800px\" \/><\/div><\/a>\n\t\t\t\t<div class=\"elementor-post__badge\">Haberler<\/div>\n\t\t\t\t<div class=\"elementor-post__text\">\n\t\t\t\t<h3 class=\"elementor-post__title\">\n\t\t\t<a href=\"https:\/\/cycleturkey.bike\/tr\/bike-center-turkey\/\">\n\t\t\t\tBisiklet Merkezi Bodrum\t\t\t<\/a>\n\t\t<\/h3>\n\t\t\t\t<div class=\"elementor-post__excerpt\">\n\t\t\t<p>Bisiklete binmek gibisi yok! T\u00fcrkiye&#8217;de bir bisiklet kiralama d\u00fckkan\u0131 m\u0131 ar\u0131yorsunuz? Bodrum Bisiklet Merkezi, en iyi se\u00e7enekler ve kiral\u0131k bisiklet \u00e7e\u015fitleriyle hizmetinizde. Bisikletlerimiz, Bodrum b\u00f6lgesinde<\/p>\n\t\t<\/div>\n\t\t\n\t\t<a class=\"elementor-post__read-more\" href=\"https:\/\/cycleturkey.bike\/tr\/bike-center-turkey\/\" aria-label=\"Read more about Bisiklet Merkezi Bodrum\" tabindex=\"-1\">\n\t\t\tDevam\u0131n\u0131 Oku \u00bb\t\t<\/a>\n\n\t\t\t\t<\/div>\n\t\t\t\t<div class=\"elementor-post__meta-data\">\n\t\t\t\t\t<span class=\"elementor-post-date\">\n\t\t\tMay\u0131s 16, 2024\t\t<\/span>\n\t\t\t\t<\/div>\n\t\t\t\t\t<\/div>\n\t\t<\/article>\n\t\t\t\t<\/div>\n\t\t\t\t\t<span class=\"e-load-more-spinner\">\n\t\t\t\t<svg aria-hidden=\"true\" class=\"e-font-icon-svg e-fas-spinner\" viewBox=\"0 0 512 512\" xmlns=\"http:\/\/www.w3.org\/2000\/svg\"><path d=\"M304 48c0 26.51-21.49 48-48 48s-48-21.49-48-48 21.49-48 48-48 48 21.49 48 48zm-48 368c-26.51 0-48 21.49-48 48s21.49 48 48 48 48-21.49 48-48-21.49-48-48-48zm208-208c-26.51 0-48 21.49-48 48s21.49 48 48 48 48-21.49 48-48-21.49-48-48-48zM96 256c0-26.51-21.49-48-48-48S0 229.49 0 256s21.49 48 48 48 48-21.49 48-48zm12.922 99.078c-26.51 0-48 21.49-48 48s21.49 48 48 48 48-21.49 48-48c0-26.509-21.491-48-48-48zm294.156 0c-26.51 0-48 21.49-48 48s21.49 48 48 48 48-21.49 48-48c0-26.509-21.49-48-48-48zM108.922 60.922c-26.51 0-48 21.49-48 48s21.49 48 48 48 48-21.49 48-48-21.491-48-48-48z\"><\/path><\/svg>\t\t\t<\/span>\n\t\t\n\t\t\t\t\t\t<\/div>\n\t\t\t\t<\/div>\n\t\t\t\t\t<\/div>\n\t\t<\/div>\n\t\t\t\t\t<\/div>\n\t\t<\/section>\n\t\t\t\t<\/div>\n\t\t","protected":false},"excerpt":{"rendered":"<p>Haberler &#038; G\u00fcncelleme. Her Pedal Bir Macerad\u0131r: En G\u00fczel Rotalar\u0131 Bizimle Ke\u015ffedin!<\/p>\n","protected":false},"author":1,"featured_media":0,"parent":0,"menu_order":0,"comment_status":"closed","ping_status":"closed","template":"elementor_header_footer","meta":{"footnotes":""},"class_list":["post-305","page","type-page","status-publish","hentry"],"_links":{"self":[{"href":"https:\/\/cycleturkey.bike\/tr\/wp-json\/wp\/v2\/pages\/305","targetHints":{"allow":["GET"]}}],"collection":[{"href":"https:\/\/cycleturkey.bike\/tr\/wp-json\/wp\/v2\/pages"}],"about":[{"href":"https:\/\/cycleturkey.bike\/tr\/wp-json\/wp\/v2\/types\/page"}],"author":[{"embeddable":true,"href":"https:\/\/cycleturkey.bike\/tr\/wp-json\/wp\/v2\/users\/1"}],"replies":[{"embeddable":true,"href":"https:\/\/cycleturkey.bike\/tr\/wp-json\/wp\/v2\/comments?post=305"}],"version-history":[{"count":7,"href":"https:\/\/cycleturkey.bike\/tr\/wp-json\/wp\/v2\/pages\/305\/revisions"}],"predecessor-version":[{"id":436,"href":"https:\/\/cycleturkey.bike\/tr\/wp-json\/wp\/v2\/pages\/305\/revisions\/436"}],"wp:attachment":[{"href":"https:\/\/cycleturkey.bike\/tr\/wp-json\/wp\/v2\/media?parent=305"}],"curies":[{"name":"wp","href":"https:\/\/api.w.org\/{rel}","templated":true}]}}