{"id":705,"date":"2024-08-01T10:01:39","date_gmt":"2024-08-01T10:01:39","guid":{"rendered":"https:\/\/cycleturkey.bike\/tr\/?post_type=product&#038;p=705"},"modified":"2024-08-03T12:18:14","modified_gmt":"2024-08-03T12:18:14","slug":"trek-mountain-train-241","status":"publish","type":"product","link":"https:\/\/cycleturkey.bike\/tr\/bisiklet-romorklari\/trek-mountain-train-241\/","title":{"rendered":"Trek Mountain Train 241 &#8211; \u00c7ocuk R\u00f6morku"},"content":{"rendered":"<p>2011 Trek Mountain Train 241, \u00e7ocuklar i\u00e7in tasarlanm\u0131\u015f bir ba\u011flant\u0131 bisikletidir. Bu tek vitesli bisiklet, bir yeti\u015fkin bisikletinin arkas\u0131na ba\u011flanarak \u00e7ocuklar\u0131n ebeveynleriyle birlikte pedal \u00e7evirmelerini ve denge ile kontrol\u00fc sa\u011flamalar\u0131n\u0131 m\u00fcmk\u00fcn k\u0131lar.<\/p>\n<p><strong>2011 Trek Mountain Train 241 \u00d6zellikleri:<\/strong><\/p>\n<ul>\n<li><strong>G\u00f6vde:<\/strong> Hafif ve dayan\u0131kl\u0131 al\u00fcminyum<\/li>\n<li><strong>Tekerlek Boyutu:<\/strong> Stabilite ve kolay kullan\u0131m i\u00e7in 20 in\u00e7<\/li>\n<li><strong>Vites Sistemi:<\/strong> Basitlik ve g\u00fcvenilirlik i\u00e7in tek vitesli<\/li>\n<li><strong>Ba\u011flant\u0131 Sistemi:<\/strong> Kolay takma ve \u00e7\u0131karma i\u00e7in h\u0131zl\u0131 serbest b\u0131rakma mekanizmas\u0131na sahip g\u00fcvenli sele borusu ba\u011flant\u0131s\u0131<\/li>\n<li><strong>G\u00fcvenlik \u00d6zellikleri:<\/strong> Y\u00fcksek g\u00f6r\u00fcn\u00fcrl\u00fck sa\u011flayan bayrak, ba\u011flant\u0131n\u0131n kopmas\u0131n\u0131 \u00f6nleyen g\u00fcvenlik kay\u0131\u015f\u0131 ve k\u00fc\u00e7\u00fck parmaklar\u0131 koruyan tam zincir koruyucu<\/li>\n<li><strong>Ek \u00d6zellikler:<\/strong> Rahat sele, g\u00fcvenli tutu\u015f i\u00e7in gidon tutacaklar\u0131 ve ekstra g\u00f6r\u00fcn\u00fcrl\u00fck i\u00e7in pedal reflekt\u00f6rleri<\/li>\n<\/ul>\n","protected":false},"excerpt":{"rendered":"<p>Trek Mountain Train 241, aile gezilerine kat\u0131lmak i\u00e7in sab\u0131rs\u0131zlanan gen\u00e7 maceraperestler i\u00e7in m\u00fckemmel bir ba\u011flant\u0131 bisikletidir. Hafif al\u00fcminyum g\u00f6vde ve tek vitesli aktarma sistemi ile tasarlanan bu bisiklet, \u00e7ocuklar i\u00e7in p\u00fcr\u00fczs\u00fcz ve keyifli bir s\u00fcr\u00fc\u015f sa\u011flar. 20 in\u00e7 tekerlek stabilite sunarken, g\u00fcvenli ba\u011flant\u0131 sistemi, yeti\u015fkin bir bisikletinin sele borusuna kolayca ba\u011flanarak g\u00fcvenli ve kontroll\u00fc bir bisiklet deneyimi sa\u011flar. G\u00fcvenlik \u00f6zellikleri aras\u0131nda y\u00fcksek g\u00f6r\u00fcn\u00fcrl\u00fck sa\u011flayan bayrak, g\u00fcvenlik kay\u0131\u015f\u0131 ve zincir koruyucu bulunmaktad\u0131r. Mountain Train 241, \u00e7ocuklar\u0131 bisiklet s\u00fcrmenin keyfiyle tan\u0131\u015ft\u0131rmak i\u00e7in m\u00fckemmel bir se\u00e7imdir.<\/p>\n<p>&nbsp;<\/p>\n","protected":false},"featured_media":706,"comment_status":"open","ping_status":"closed","template":"","meta":[],"product_brand":[],"product_cat":[38],"product_tag":[35,34,37,36],"class_list":{"0":"post-705","1":"product","2":"type-product","3":"status-publish","4":"has-post-thumbnail","6":"product_cat-bisiklet-romorklari","7":"product_tag-child","8":"product_tag-family","9":"product_tag-kid","10":"product_tag-trail-a-bkie","12":"first","13":"instock","14":"shipping-taxable","15":"purchasable","16":"product-type-simple"},"_links":{"self":[{"href":"https:\/\/cycleturkey.bike\/tr\/wp-json\/wp\/v2\/product\/705","targetHints":{"allow":["GET"]}}],"collection":[{"href":"https:\/\/cycleturkey.bike\/tr\/wp-json\/wp\/v2\/product"}],"about":[{"href":"https:\/\/cycleturkey.bike\/tr\/wp-json\/wp\/v2\/types\/product"}],"replies":[{"embeddable":true,"href":"https:\/\/cycleturkey.bike\/tr\/wp-json\/wp\/v2\/comments?post=705"}],"wp:featuredmedia":[{"embeddable":true,"href":"https:\/\/cycleturkey.bike\/tr\/wp-json\/wp\/v2\/media\/706"}],"wp:attachment":[{"href":"https:\/\/cycleturkey.bike\/tr\/wp-json\/wp\/v2\/media?parent=705"}],"wp:term":[{"taxonomy":"product_brand","embeddable":true,"href":"https:\/\/cycleturkey.bike\/tr\/wp-json\/wp\/v2\/product_brand?post=705"},{"taxonomy":"product_cat","embeddable":true,"href":"https:\/\/cycleturkey.bike\/tr\/wp-json\/wp\/v2\/product_cat?post=705"},{"taxonomy":"product_tag","embeddable":true,"href":"https:\/\/cycleturkey.bike\/tr\/wp-json\/wp\/v2\/product_tag?post=705"}],"curies":[{"name":"wp","href":"https:\/\/api.w.org\/{rel}","templated":true}]}}