{"id":743,"date":"2024-09-04T11:21:21","date_gmt":"2024-09-04T11:21:21","guid":{"rendered":"https:\/\/cycleturkey.bike\/tr\/?post_type=product&#038;p=743"},"modified":"2024-09-04T11:21:21","modified_gmt":"2024-09-04T11:21:21","slug":"ghost-e-asx-160-essential","status":"publish","type":"product","link":"https:\/\/cycleturkey.bike\/tr\/dag-bisikleti\/ghost-e-asx-160-essential\/","title":{"rendered":"GHOST E-ASX 160 Essential"},"content":{"rendered":"<p><em>E-ASX 160 Essential, hem trail (patika) s\u00fcr\u00fc\u015f\u00fc hem de tur kullan\u0131m\u0131 i\u00e7in tasarlanm\u0131\u015f \u00e7ok y\u00f6nl\u00fc ve dayan\u0131kl\u0131 bir s\u00fcr\u00fc\u015f deneyimi sunar. Performans ve de\u011fer aras\u0131nda m\u00fckemmel bir denge kurarak, off-road maceralar\u0131n\u0131 geli\u015ftirmek isteyen ancak a\u015f\u0131r\u0131 harcama yapmak istemeyen s\u00fcr\u00fcc\u00fcler i\u00e7in \u00e7ekici bir se\u00e7enek haline getirir.<\/em><\/p>\n<h4><em><strong>Kadro<\/strong><\/em><\/h4>\n<ul>\n<li><em><strong>Malzeme:<\/strong> Bisiklet, trail s\u00fcr\u00fc\u015f\u00fcn\u00fcn zorluklar\u0131na dayanacak \u015fekilde tasarlanm\u0131\u015f hafif ancak dayan\u0131kl\u0131 bir al\u00fcminyum kadroya sahiptir. Al\u00fcminyum, a\u011f\u0131rl\u0131k oran\u0131 a\u00e7\u0131s\u0131ndan g\u00fc\u00e7l\u00fcd\u00fcr, bu da onu parkurlarda \u00e7evik tutan sa\u011flam bir temel sa\u011flar.<\/em><\/li>\n<li><em><strong>Tasar\u0131m:<\/strong> Kadro geometrisi hem konfor hem de kontrol i\u00e7in optimize edilmi\u015ftir, dik ini\u015flerde dengeyi sa\u011flar ve zorlu t\u0131rman\u0131\u015flarda yan\u0131t verebilir. Batarya, kadronun i\u00e7ine \u015f\u0131k bir \u015fekilde entegre edilmi\u015ftir ve bu da modern bir estetik kazand\u0131r\u0131rken, d\u00fc\u015f\u00fck bir a\u011f\u0131rl\u0131k merkezi ile daha iyi bir kullan\u0131m sa\u011flar.<\/em><\/li>\n<\/ul>\n<h4><em><strong>Motor<\/strong><\/em><\/h4>\n<ul>\n<li><em><strong>Bosch Motor:<\/strong> E-ASX 160 Essential&#8217;\u0131n kalbinde, g\u00fcvenilirli\u011fi ve performans\u0131yla tan\u0131nan g\u00fc\u00e7l\u00fc bir Bosch motor bulunmaktad\u0131r. Bu motor, dik yoku\u015flar\u0131 ve uzun s\u00fcr\u00fc\u015fleri daha y\u00f6netilebilir hale getiren yumu\u015fak ve duyarl\u0131 bir pedal deste\u011fi sunar. G\u00fc\u00e7 iletimi tutarl\u0131 olup, zor arazilerde bile do\u011fal bir s\u00fcr\u00fc\u015f deneyimi sa\u011flar.<\/em><\/li>\n<li><em><strong>G\u00fc\u00e7 Modlar\u0131:<\/strong> Motor, genellikle birden fazla g\u00fc\u00e7 modu i\u00e7erir ve bu da s\u00fcr\u00fcc\u00fclerin araziye, fitness seviyesine veya batarya \u00f6mr\u00fcne g\u00f6re destek seviyesini ayarlamalar\u0131na olanak tan\u0131r.<\/em><\/li>\n<\/ul>\n<h4><em><strong>S\u00fcspansiyon<\/strong><\/em><\/h4>\n<ul>\n<li><em><strong>160 mm Amortis\u00f6r:<\/strong> Bisiklet, sert ve teknik parkurlardan gelen darbeleri absorbe etmek i\u00e7in ideal olan 160 mm s\u00fcspansiyon mesafesine sahiptir. Bu miktar s\u00fcspansiyon, bisikletin kayalar, k\u00f6kler ve di\u011fer engeller \u00fczerinde dengede kalmas\u0131n\u0131 sa\u011flarken, ayn\u0131 zamanda uzun s\u00fcr\u00fc\u015flerde konfor sa\u011flar.<\/em><\/li>\n<li><em><strong>S\u00fcspansiyon \u00c7atal\u0131:<\/strong> \u00d6n s\u00fcspansiyon \u00e7atal\u0131, s\u00fcr\u00fcc\u00fc a\u011f\u0131rl\u0131\u011f\u0131na ve parkur ko\u015fullar\u0131na g\u00f6re ayarlanabilir, y\u00fcksek kaliteli bir hava veya yay modelidir. \u00d6zellikle zorlu ini\u015flerde kontrol\u00fc art\u0131r\u0131r ve yorgunlu\u011fu azalt\u0131r.<\/em><\/li>\n<\/ul>\n<h4><em><strong>Tekerlekler ve Lastikler<\/strong><\/em><\/h4>\n<ul>\n<li><em><strong>MX Tekerlek Konsepti:<\/strong> E-ASX 160 Essential, genellikle \u00f6nde daha b\u00fcy\u00fck (29 in\u00e7) ve arkada biraz daha k\u00fc\u00e7\u00fck (27,5 in\u00e7) bir tekerlek kombinasyonuna sahip olan kar\u0131\u015f\u0131k bir tekerlek d\u00fczeni kullan\u0131r. Bu kombinasyon, her iki d\u00fcnyan\u0131n da en iyisini sunar: \u00d6n tekerle\u011fin b\u00fcy\u00fckl\u00fc\u011f\u00fc, engellerin \u00fczerinden ge\u00e7i\u015f kabiliyetini ve dengeyi art\u0131r\u0131rken, arka tekerlek manevra kabiliyetini art\u0131r\u0131r ve daha h\u0131zl\u0131 h\u0131zlan\u0131r.<\/em><\/li>\n<li><em><strong>Lastikler:<\/strong> Bisiklet, gev\u015fek topraklardan kayal\u0131k yollara kadar \u00e7e\u015fitli y\u00fczeylerde m\u00fckemmel bir \u00e7eki\u015f sa\u011flayan, patika s\u00fcr\u00fc\u015f\u00fcne \u00f6zel, tutucu lastiklerle donat\u0131lm\u0131\u015ft\u0131r. Lastik geni\u015fli\u011fi, konfor sa\u011flamak ve verimlilik i\u00e7in d\u00fc\u015f\u00fck yuvarlanma direncini korumak aras\u0131nda bir denge kurar.<\/em><\/li>\n<\/ul>\n<h4><em><strong>Batarya<\/strong><\/em><\/h4>\n<ul>\n<li><em><strong>Entegre Tasar\u0131m:<\/strong> Batarya, kadronun alt borusuna \u015f\u0131k bir \u015fekilde entegre edilmi\u015ftir ve bu da bisikletin modern g\u00f6r\u00fcn\u00fcm\u00fcne katk\u0131da bulunurken a\u011f\u0131rl\u0131k da\u011f\u0131l\u0131m\u0131n\u0131 dengeler. Bu entegrasyon, bataryay\u0131 elemanlardan ve s\u00fcr\u00fc\u015f s\u0131ras\u0131nda olas\u0131 hasarlardan korur.<\/em><\/li>\n<li><em><strong>Menzil:<\/strong> Modele ba\u011fl\u0131 olarak, batarya tek bir \u015farjla birka\u00e7 saatlik s\u00fcr\u00fc\u015fe yetecek bir menzil sunar, bu da onu uzun trail seanslar\u0131 veya tam g\u00fcnl\u00fck turlar i\u00e7in uygun hale getirir.<\/em><\/li>\n<\/ul>\n<h4><em><strong>Frenler ve Aktar\u0131m Sistemi<\/strong><\/em><\/h4>\n<ul>\n<li><em><strong>Hidrolik Disk Frenler:<\/strong> Bisiklet, her t\u00fcrl\u00fc hava ko\u015fulunda g\u00fcvenilir durdurma g\u00fcc\u00fc sa\u011flayan hidrolik disk frenlerle donat\u0131lm\u0131\u015ft\u0131r. Bu frenler, \u00f6zellikle dik ini\u015flerde ve teknik b\u00f6l\u00fcmlerde h\u0131z\u0131n\u0131z\u0131 kontrol ederken g\u00fcven veren hassas bir mod\u00fclasyon sunar.<\/em><\/li>\n<li><em><strong>Aktar\u0131m Sistemi:<\/strong> E-ASX 160 Essential, geni\u015f bir di\u015fli yelpazesine sahip 1x aktar\u0131m sistemi i\u00e7erir, bu da dik t\u0131rman\u0131\u015flar ve h\u0131zl\u0131 ini\u015fler i\u00e7in gereken t\u00fcm vitesleri sunar. Tek zincir halkal\u0131 sistem, vites de\u011fi\u015fimlerini basitle\u015ftirir ve zincir d\u00fc\u015fmesi riskini azalt\u0131r, bu da onu engebeli patika kullan\u0131m\u0131 i\u00e7in ideal k\u0131lar.<\/em><\/li>\n<\/ul>\n<h4><em><strong>Di\u011fer \u00d6zellikler<\/strong><\/em><\/h4>\n<ul>\n<li><em><strong>Gidon ve Kontroller:<\/strong> Geni\u015f gidonlar, \u00f6zellikle teknik arazilerde kontrol\u00fc ve dengeyi art\u0131r\u0131r. Motor ve g\u00fc\u00e7 modlar\u0131 i\u00e7in kontroller kolay eri\u015fim sa\u011flamak \u00fczere yerle\u015ftirilmi\u015ftir, bu da s\u00fcr\u00fc\u015f s\u0131ras\u0131nda ayarlar\u0131 h\u0131zl\u0131 bir \u015fekilde yapman\u0131za olanak tan\u0131r.<\/em><\/li>\n<li><em><strong>Sele ve Sele Borusu:<\/strong> Bisiklet, uzun s\u00fcr\u00fc\u015flerde konfor sa\u011flamak i\u00e7in tasarlanm\u0131\u015f, patikaya \u00f6zel rahat bir sele ile birlikte gelir. Baz\u0131 versiyonlar, s\u00fcr\u00fc\u015f s\u0131ras\u0131nda sele y\u00fcksekli\u011fini h\u0131zla ayarlaman\u0131za olanak tan\u0131yan bir al\u00e7alan sele borusunu i\u00e7erebilir.<\/em><\/li>\n<\/ul>\n","protected":false},"excerpt":{"rendered":"<p><strong>Ghost E-ASX 160 Essential e-da\u011f bisikleti<\/strong>, y\u00fcksek kaliteli bir al\u00fcminyum kadro, duyarl\u0131 bir Bosch motor ve zorlu t\u0131rman\u0131\u015flar ve teknik ini\u015fler i\u00e7in m\u00fckemmel olan 160 mm\u2019lik sa\u011flam bir s\u00fcspansiyon ile donat\u0131lm\u0131\u015ft\u0131r. Batarya, kadroya sorunsuz bir \u015fekilde entegre edilmi\u015ftir ve MX tekerlek tasar\u0131m\u0131, dik yoku\u015flarda ekstra denge ve g\u00fcven sa\u011flar. \u0130ster tur yap\u0131yor olun ister patikalara \u00e7\u0131k\u0131yor olun, <strong>E-ASX 160 Essential<\/strong> performans sunmak i\u00e7in tasarlanm\u0131\u015ft\u0131r.<\/p>\n","protected":false},"featured_media":749,"comment_status":"open","ping_status":"closed","template":"","meta":[],"product_brand":[],"product_cat":[27,24],"product_tag":[],"class_list":{"0":"post-743","1":"product","2":"type-product","3":"status-publish","4":"has-post-thumbnail","6":"product_cat-dag-bisikleti","7":"product_cat-e-bisiklet","9":"first","10":"instock","11":"shipping-taxable","12":"purchasable","13":"product-type-simple"},"_links":{"self":[{"href":"https:\/\/cycleturkey.bike\/tr\/wp-json\/wp\/v2\/product\/743","targetHints":{"allow":["GET"]}}],"collection":[{"href":"https:\/\/cycleturkey.bike\/tr\/wp-json\/wp\/v2\/product"}],"about":[{"href":"https:\/\/cycleturkey.bike\/tr\/wp-json\/wp\/v2\/types\/product"}],"replies":[{"embeddable":true,"href":"https:\/\/cycleturkey.bike\/tr\/wp-json\/wp\/v2\/comments?post=743"}],"wp:featuredmedia":[{"embeddable":true,"href":"https:\/\/cycleturkey.bike\/tr\/wp-json\/wp\/v2\/media\/749"}],"wp:attachment":[{"href":"https:\/\/cycleturkey.bike\/tr\/wp-json\/wp\/v2\/media?parent=743"}],"wp:term":[{"taxonomy":"product_brand","embeddable":true,"href":"https:\/\/cycleturkey.bike\/tr\/wp-json\/wp\/v2\/product_brand?post=743"},{"taxonomy":"product_cat","embeddable":true,"href":"https:\/\/cycleturkey.bike\/tr\/wp-json\/wp\/v2\/product_cat?post=743"},{"taxonomy":"product_tag","embeddable":true,"href":"https:\/\/cycleturkey.bike\/tr\/wp-json\/wp\/v2\/product_tag?post=743"}],"curies":[{"name":"wp","href":"https:\/\/api.w.org\/{rel}","templated":true}]}}